{"id":28902,"date":"2024-05-02T10:00:20","date_gmt":"2024-05-02T08:00:20","guid":{"rendered":"https:\/\/argenteriadabbene.com\/?post_type=product&#038;p=28902"},"modified":"2024-05-02T10:15:02","modified_gmt":"2024-05-02T08:15:02","slug":"deauville-copia","status":"publish","type":"product","link":"https:\/\/argenteriadabbene.com\/en\/prodotto\/deauville-copia\/","title":{"rendered":"Elys\u00e9e"},"content":{"rendered":"<p>This early 18th-century Bavarian-style service has graced the ceremonial tables of the Presidents of the French Republic at the \u00c9lys\u00e9e Palace since the late 1940s. The delicate chasing on the sterling silver handles requires meticulous hand-finishing. The elegance of the Elys\u00e9e model can be enhanced by the addition of ornamental gems: a cabochon of onyx, jade or red jasper is set and placed \u00e0 la fran\u00e7aise on the bottom of the handles.<\/p>\n","protected":false},"excerpt":{"rendered":"<p>Cutlery set in 925\/.. silver, Elys\u00e9e model, Puiforcat production.<\/p>\n","protected":false},"featured_media":28904,"template":"","meta":{"_acf_changed":false},"product_brand":[],"product_cat":[3628,3655],"product_tag":[3633,3632,3630,3631],"giftcard-category":[],"berocket_brand":[2890],"class_list":{"0":"post-28902","1":"product","2":"type-product","3":"status-publish","4":"has-post-thumbnail","6":"product_cat-puiforcat-cutlery","7":"product_cat-puiforcat-cutlery2","8":"product_tag-cutlery-en","9":"product_tag-plated-en","10":"product_tag-puiforcat-en","11":"product_tag-silver-en","12":"berocket_brand-puiforcat-en","13":"tm-no-options","15":"first","16":"instock","17":"shipping-taxable","18":"product-type-simple"},"acf":[],"yoast_head":"<!-- This site is optimized with the Yoast SEO plugin v27.4 - https:\/\/yoast.com\/product\/yoast-seo-wordpress\/ -->\n<title>Elys\u00e9e - Argenteria Dabbene Milano - Liste Nozze - Regali - Bijoux<\/title>\n<meta name=\"description\" content=\"Cutlery set in 925\/.. silver, Elys\u00e9e model, Puiforcat production.\" \/>\n<meta name=\"robots\" content=\"index, follow, max-snippet:-1, max-image-preview:large, max-video-preview:-1\" \/>\n<link rel=\"canonical\" href=\"https:\/\/argenteriadabbene.com\/en\/prodotto\/deauville-copia\/\" \/>\n<meta property=\"og:locale\" content=\"en_US\" \/>\n<meta property=\"og:type\" content=\"article\" \/>\n<meta property=\"og:title\" content=\"Elys\u00e9e - Argenteria Dabbene Milano - Liste Nozze - Regali - Bijoux\" \/>\n<meta property=\"og:description\" content=\"Cutlery set in 925\/.. silver, Elys\u00e9e model, Puiforcat production.\" \/>\n<meta property=\"og:url\" content=\"https:\/\/argenteriadabbene.com\/en\/prodotto\/deauville-copia\/\" \/>\n<meta property=\"og:site_name\" content=\"Argenteria Dabbene Milano - Liste Nozze - Regali - Bijoux\" \/>\n<meta property=\"article:publisher\" content=\"https:\/\/www.facebook.com\/ArgenteriaDabbene\" \/>\n<meta property=\"article:modified_time\" content=\"2024-05-02T08:15:02+00:00\" \/>\n<meta property=\"og:image\" content=\"https:\/\/argenteriadabbene.com\/wp-content\/uploads\/2024\/05\/Puiforcat_Elysee_image-sous-categorie-1024x1008-1.jpg\" \/>\n\t<meta property=\"og:image:width\" content=\"1024\" \/>\n\t<meta property=\"og:image:height\" content=\"1008\" \/>\n\t<meta property=\"og:image:type\" content=\"image\/jpeg\" \/>\n<script type=\"application\/ld+json\" class=\"yoast-schema-graph\">{\"@context\":\"https:\\\/\\\/schema.org\",\"@graph\":[{\"@type\":\"WebPage\",\"@id\":\"https:\\\/\\\/argenteriadabbene.com\\\/en\\\/prodotto\\\/deauville-copia\\\/\",\"url\":\"https:\\\/\\\/argenteriadabbene.com\\\/en\\\/prodotto\\\/deauville-copia\\\/\",\"name\":\"Elys\u00e9e - Argenteria Dabbene Milano - Liste Nozze - Regali - Bijoux\",\"isPartOf\":{\"@id\":\"https:\\\/\\\/argenteriadabbene.com\\\/en\\\/#website\"},\"primaryImageOfPage\":{\"@id\":\"https:\\\/\\\/argenteriadabbene.com\\\/en\\\/prodotto\\\/deauville-copia\\\/#primaryimage\"},\"image\":{\"@id\":\"https:\\\/\\\/argenteriadabbene.com\\\/en\\\/prodotto\\\/deauville-copia\\\/#primaryimage\"},\"thumbnailUrl\":\"https:\\\/\\\/argenteriadabbene.com\\\/wp-content\\\/uploads\\\/2024\\\/05\\\/Puiforcat_Elysee_image-sous-categorie-1024x1008-1.jpg\",\"datePublished\":\"2024-05-02T08:00:20+00:00\",\"dateModified\":\"2024-05-02T08:15:02+00:00\",\"description\":\"Cutlery set in 925\\\/.. silver, Elys\u00e9e model, Puiforcat production.\",\"breadcrumb\":{\"@id\":\"https:\\\/\\\/argenteriadabbene.com\\\/en\\\/prodotto\\\/deauville-copia\\\/#breadcrumb\"},\"inLanguage\":\"en-US\",\"potentialAction\":[{\"@type\":\"ReadAction\",\"target\":[\"https:\\\/\\\/argenteriadabbene.com\\\/en\\\/prodotto\\\/deauville-copia\\\/\"]}]},{\"@type\":\"ImageObject\",\"inLanguage\":\"en-US\",\"@id\":\"https:\\\/\\\/argenteriadabbene.com\\\/en\\\/prodotto\\\/deauville-copia\\\/#primaryimage\",\"url\":\"https:\\\/\\\/argenteriadabbene.com\\\/wp-content\\\/uploads\\\/2024\\\/05\\\/Puiforcat_Elysee_image-sous-categorie-1024x1008-1.jpg\",\"contentUrl\":\"https:\\\/\\\/argenteriadabbene.com\\\/wp-content\\\/uploads\\\/2024\\\/05\\\/Puiforcat_Elysee_image-sous-categorie-1024x1008-1.jpg\",\"width\":1024,\"height\":1008},{\"@type\":\"BreadcrumbList\",\"@id\":\"https:\\\/\\\/argenteriadabbene.com\\\/en\\\/prodotto\\\/deauville-copia\\\/#breadcrumb\",\"itemListElement\":[{\"@type\":\"ListItem\",\"position\":1,\"name\":\"Home\",\"item\":\"https:\\\/\\\/argenteriadabbene.com\\\/en\\\/\"},{\"@type\":\"ListItem\",\"position\":2,\"name\":\"Shop\",\"item\":\"https:\\\/\\\/argenteriadabbene.com\\\/en\\\/shop\\\/\"},{\"@type\":\"ListItem\",\"position\":3,\"name\":\"Cutlery Set\",\"item\":\"https:\\\/\\\/argenteriadabbene.com\\\/en\\\/prodotti\\\/cutlery-set-en\\\/\"},{\"@type\":\"ListItem\",\"position\":4,\"name\":\"Puiforcat\",\"item\":\"https:\\\/\\\/argenteriadabbene.com\\\/en\\\/prodotti\\\/cutlery-set-en\\\/puiforcat-cutlery\\\/\"},{\"@type\":\"ListItem\",\"position\":5,\"name\":\"Elys\u00e9e\"}]},{\"@type\":\"WebSite\",\"@id\":\"https:\\\/\\\/argenteriadabbene.com\\\/en\\\/#website\",\"url\":\"https:\\\/\\\/argenteriadabbene.com\\\/en\\\/\",\"name\":\"Argenteria Dabbene Milano - Liste Nozze - Regali - Bijoux\",\"description\":\"L&#039;Argenteria DABBENE, nel centro storico di Milano, in Largo Treves,2 unisce la tradizione delle vecchie botteghe milanesi alle innovazioni.\",\"publisher\":{\"@id\":\"https:\\\/\\\/argenteriadabbene.com\\\/en\\\/#organization\"},\"potentialAction\":[{\"@type\":\"SearchAction\",\"target\":{\"@type\":\"EntryPoint\",\"urlTemplate\":\"https:\\\/\\\/argenteriadabbene.com\\\/en\\\/?s={search_term_string}\"},\"query-input\":{\"@type\":\"PropertyValueSpecification\",\"valueRequired\":true,\"valueName\":\"search_term_string\"}}],\"inLanguage\":\"en-US\"},{\"@type\":\"Organization\",\"@id\":\"https:\\\/\\\/argenteriadabbene.com\\\/en\\\/#organization\",\"name\":\"Argenteria Dabbene Milano - Liste Nozze - Regali - Bijoux\",\"url\":\"https:\\\/\\\/argenteriadabbene.com\\\/en\\\/\",\"logo\":{\"@type\":\"ImageObject\",\"inLanguage\":\"en-US\",\"@id\":\"https:\\\/\\\/argenteriadabbene.com\\\/en\\\/#\\\/schema\\\/logo\\\/image\\\/\",\"url\":\"https:\\\/\\\/argenteriadabbene.com\\\/wp-content\\\/uploads\\\/2023\\\/06\\\/logo_dabbene.jpg\",\"contentUrl\":\"https:\\\/\\\/argenteriadabbene.com\\\/wp-content\\\/uploads\\\/2023\\\/06\\\/logo_dabbene.jpg\",\"width\":950,\"height\":600,\"caption\":\"Argenteria Dabbene Milano - Liste Nozze - Regali - Bijoux\"},\"image\":{\"@id\":\"https:\\\/\\\/argenteriadabbene.com\\\/en\\\/#\\\/schema\\\/logo\\\/image\\\/\"},\"sameAs\":[\"https:\\\/\\\/www.facebook.com\\\/ArgenteriaDabbene\",\"https:\\\/\\\/www.instagram.com\\\/argenteriadabbene\"]}]}<\/script>\n<!-- \/ Yoast SEO plugin. -->","yoast_head_json":{"title":"Elys\u00e9e - Argenteria Dabbene Milano - Liste Nozze - Regali - Bijoux","description":"Cutlery set in 925\/.. silver, Elys\u00e9e model, Puiforcat production.","robots":{"index":"index","follow":"follow","max-snippet":"max-snippet:-1","max-image-preview":"max-image-preview:large","max-video-preview":"max-video-preview:-1"},"canonical":"https:\/\/argenteriadabbene.com\/en\/prodotto\/deauville-copia\/","og_locale":"en_US","og_type":"article","og_title":"Elys\u00e9e - Argenteria Dabbene Milano - Liste Nozze - Regali - Bijoux","og_description":"Cutlery set in 925\/.. silver, Elys\u00e9e model, Puiforcat production.","og_url":"https:\/\/argenteriadabbene.com\/en\/prodotto\/deauville-copia\/","og_site_name":"Argenteria Dabbene Milano - Liste Nozze - Regali - Bijoux","article_publisher":"https:\/\/www.facebook.com\/ArgenteriaDabbene","article_modified_time":"2024-05-02T08:15:02+00:00","og_image":[{"width":1024,"height":1008,"url":"https:\/\/argenteriadabbene.com\/wp-content\/uploads\/2024\/05\/Puiforcat_Elysee_image-sous-categorie-1024x1008-1.jpg","type":"image\/jpeg"}],"schema":{"@context":"https:\/\/schema.org","@graph":[{"@type":"WebPage","@id":"https:\/\/argenteriadabbene.com\/en\/prodotto\/deauville-copia\/","url":"https:\/\/argenteriadabbene.com\/en\/prodotto\/deauville-copia\/","name":"Elys\u00e9e - Argenteria Dabbene Milano - Liste Nozze - Regali - Bijoux","isPartOf":{"@id":"https:\/\/argenteriadabbene.com\/en\/#website"},"primaryImageOfPage":{"@id":"https:\/\/argenteriadabbene.com\/en\/prodotto\/deauville-copia\/#primaryimage"},"image":{"@id":"https:\/\/argenteriadabbene.com\/en\/prodotto\/deauville-copia\/#primaryimage"},"thumbnailUrl":"https:\/\/argenteriadabbene.com\/wp-content\/uploads\/2024\/05\/Puiforcat_Elysee_image-sous-categorie-1024x1008-1.jpg","datePublished":"2024-05-02T08:00:20+00:00","dateModified":"2024-05-02T08:15:02+00:00","description":"Cutlery set in 925\/.. silver, Elys\u00e9e model, Puiforcat production.","breadcrumb":{"@id":"https:\/\/argenteriadabbene.com\/en\/prodotto\/deauville-copia\/#breadcrumb"},"inLanguage":"en-US","potentialAction":[{"@type":"ReadAction","target":["https:\/\/argenteriadabbene.com\/en\/prodotto\/deauville-copia\/"]}]},{"@type":"ImageObject","inLanguage":"en-US","@id":"https:\/\/argenteriadabbene.com\/en\/prodotto\/deauville-copia\/#primaryimage","url":"https:\/\/argenteriadabbene.com\/wp-content\/uploads\/2024\/05\/Puiforcat_Elysee_image-sous-categorie-1024x1008-1.jpg","contentUrl":"https:\/\/argenteriadabbene.com\/wp-content\/uploads\/2024\/05\/Puiforcat_Elysee_image-sous-categorie-1024x1008-1.jpg","width":1024,"height":1008},{"@type":"BreadcrumbList","@id":"https:\/\/argenteriadabbene.com\/en\/prodotto\/deauville-copia\/#breadcrumb","itemListElement":[{"@type":"ListItem","position":1,"name":"Home","item":"https:\/\/argenteriadabbene.com\/en\/"},{"@type":"ListItem","position":2,"name":"Shop","item":"https:\/\/argenteriadabbene.com\/en\/shop\/"},{"@type":"ListItem","position":3,"name":"Cutlery Set","item":"https:\/\/argenteriadabbene.com\/en\/prodotti\/cutlery-set-en\/"},{"@type":"ListItem","position":4,"name":"Puiforcat","item":"https:\/\/argenteriadabbene.com\/en\/prodotti\/cutlery-set-en\/puiforcat-cutlery\/"},{"@type":"ListItem","position":5,"name":"Elys\u00e9e"}]},{"@type":"WebSite","@id":"https:\/\/argenteriadabbene.com\/en\/#website","url":"https:\/\/argenteriadabbene.com\/en\/","name":"Argenteria Dabbene Milano - Liste Nozze - Regali - Bijoux","description":"L&#039;Argenteria DABBENE, nel centro storico di Milano, in Largo Treves,2 unisce la tradizione delle vecchie botteghe milanesi alle innovazioni.","publisher":{"@id":"https:\/\/argenteriadabbene.com\/en\/#organization"},"potentialAction":[{"@type":"SearchAction","target":{"@type":"EntryPoint","urlTemplate":"https:\/\/argenteriadabbene.com\/en\/?s={search_term_string}"},"query-input":{"@type":"PropertyValueSpecification","valueRequired":true,"valueName":"search_term_string"}}],"inLanguage":"en-US"},{"@type":"Organization","@id":"https:\/\/argenteriadabbene.com\/en\/#organization","name":"Argenteria Dabbene Milano - Liste Nozze - Regali - Bijoux","url":"https:\/\/argenteriadabbene.com\/en\/","logo":{"@type":"ImageObject","inLanguage":"en-US","@id":"https:\/\/argenteriadabbene.com\/en\/#\/schema\/logo\/image\/","url":"https:\/\/argenteriadabbene.com\/wp-content\/uploads\/2023\/06\/logo_dabbene.jpg","contentUrl":"https:\/\/argenteriadabbene.com\/wp-content\/uploads\/2023\/06\/logo_dabbene.jpg","width":950,"height":600,"caption":"Argenteria Dabbene Milano - Liste Nozze - Regali - Bijoux"},"image":{"@id":"https:\/\/argenteriadabbene.com\/en\/#\/schema\/logo\/image\/"},"sameAs":["https:\/\/www.facebook.com\/ArgenteriaDabbene","https:\/\/www.instagram.com\/argenteriadabbene"]}]}},"_links":{"self":[{"href":"https:\/\/argenteriadabbene.com\/en\/wp-json\/wp\/v2\/product\/28902","targetHints":{"allow":["GET"]}}],"collection":[{"href":"https:\/\/argenteriadabbene.com\/en\/wp-json\/wp\/v2\/product"}],"about":[{"href":"https:\/\/argenteriadabbene.com\/en\/wp-json\/wp\/v2\/types\/product"}],"wp:featuredmedia":[{"embeddable":true,"href":"https:\/\/argenteriadabbene.com\/en\/wp-json\/wp\/v2\/media\/28904"}],"wp:attachment":[{"href":"https:\/\/argenteriadabbene.com\/en\/wp-json\/wp\/v2\/media?parent=28902"}],"wp:term":[{"taxonomy":"product_brand","embeddable":true,"href":"https:\/\/argenteriadabbene.com\/en\/wp-json\/wp\/v2\/product_brand?post=28902"},{"taxonomy":"product_cat","embeddable":true,"href":"https:\/\/argenteriadabbene.com\/en\/wp-json\/wp\/v2\/product_cat?post=28902"},{"taxonomy":"product_tag","embeddable":true,"href":"https:\/\/argenteriadabbene.com\/en\/wp-json\/wp\/v2\/product_tag?post=28902"},{"taxonomy":"giftcard-category","embeddable":true,"href":"https:\/\/argenteriadabbene.com\/en\/wp-json\/wp\/v2\/giftcard-category?post=28902"},{"taxonomy":"berocket_brand","embeddable":true,"href":"https:\/\/argenteriadabbene.com\/en\/wp-json\/wp\/v2\/berocket_brand?post=28902"}],"curies":[{"name":"wp","href":"https:\/\/api.w.org\/{rel}","templated":true}]}}