{"id":28774,"date":"2024-04-26T17:04:20","date_gmt":"2024-04-26T15:04:20","guid":{"rendered":"https:\/\/argenteriadabbene.com\/?post_type=product&#038;p=28774"},"modified":"2024-04-26T17:20:25","modified_gmt":"2024-04-26T15:20:25","slug":"catena-zaffiro-copia","status":"publish","type":"product","link":"https:\/\/argenteriadabbene.com\/en\/prodotto\/catena-zaffiro-copia\/","title":{"rendered":"DIVA"},"content":{"rendered":"<p>Una collezione in porcellana dalle linee eleganti e colori vibranti.<br \/>\nEffervescente. Raffinata. Femminile. Diva esprime il fascino del passato con un concept attuale e moderno. Diva \u00e8 la nuova collezione tableware e giftware che diventa protagonista sulla tavola e negli spazi di casa grazie alle sue linee leggere ed eleganti.<br \/>\nReinterpretando la forma &#8220;Colonna&#8221;, progetto iconico di Giovanni Gariboldi che vinse il prestigioso premio Compasso d&#8217;Oro nel 1954, Diva rende omaggio alla vibrante energia del design anni &#8217;50, all\u2019eleganza delle dive del grande schermo dell\u2019epoca e all\u2019intramontabile coffee culture Italiana.<br \/>\nQuattro inaspettati decori color pastello: Celeste, Giallo, Rosa e Verde impreziositi da linee dorate che ne esaltano le forme minimaliste. Dalle passerelle al colore Pantone del 2024. \u00c8 una collezione versatile e dinamica pensata per rispondere alle diverse occasioni d\u2019uso quotidiano attraverso abbinamenti e combinazioni sempre originali: la zuccheriera con il suo coperchio pu\u00f2 essere scomposta in una coppetta abbinata al piattino, mentre l&#8217;insalatiera diventa una zuppiera se affiancata al vassoio che pu\u00f2 essere usato come coperchio. Infine, i piatti da pane possono accogliere piccoli dolci ed accompagnare il rituale del t\u00e8. I prodotti per la tavola sono impilabili per essere riposti in spazi contenuti, unendo la funzionalit\u00e0 al lusso di ogni giorno.<\/p>\n","protected":false},"excerpt":{"rendered":"<p>Servizio di piatti in porcellana Ginori modello DIVA<\/p>\n","protected":false},"featured_media":28848,"template":"","meta":{"_acf_changed":false},"product_brand":[],"product_cat":[2746],"product_tag":[3625,3565,3566],"giftcard-category":[],"berocket_brand":[2869],"class_list":{"0":"post-28774","1":"product","2":"type-product","3":"status-publish","4":"has-post-thumbnail","6":"product_cat-ginori-dinnerware-2","7":"product_tag-diva-en","8":"product_tag-ginori-en","9":"product_tag-porcellana-en","10":"berocket_brand-ginori-en","11":"tm-no-options","13":"first","14":"instock","15":"shipping-taxable","16":"product-type-simple"},"acf":[],"yoast_head":"<!-- This site is optimized with the Yoast SEO plugin v27.4 - https:\/\/yoast.com\/product\/yoast-seo-wordpress\/ -->\n<title>Servizio di Piatti Ginori modello Diva<\/title>\n<meta name=\"description\" content=\"Servizio di Piatti Ginori modello DIva\" \/>\n<meta name=\"robots\" content=\"index, follow, max-snippet:-1, max-image-preview:large, max-video-preview:-1\" \/>\n<link rel=\"canonical\" href=\"https:\/\/argenteriadabbene.com\/en\/prodotto\/catena-zaffiro-copia\/\" \/>\n<meta property=\"og:locale\" content=\"en_US\" \/>\n<meta property=\"og:type\" content=\"article\" \/>\n<meta property=\"og:title\" content=\"Servizio di Piatti Ginori modello Diva\" \/>\n<meta property=\"og:description\" content=\"Servizio di Piatti Ginori modello DIva\" \/>\n<meta property=\"og:url\" content=\"https:\/\/argenteriadabbene.com\/en\/prodotto\/catena-zaffiro-copia\/\" \/>\n<meta property=\"og:site_name\" content=\"Argenteria Dabbene Milano - Liste Nozze - Regali - Bijoux\" \/>\n<meta property=\"article:publisher\" content=\"https:\/\/www.facebook.com\/ArgenteriaDabbene\" \/>\n<meta property=\"article:modified_time\" content=\"2024-04-26T15:20:25+00:00\" \/>\n<meta name=\"twitter:label1\" content=\"Est. reading time\" \/>\n\t<meta name=\"twitter:data1\" content=\"1 minute\" \/>\n<script type=\"application\/ld+json\" class=\"yoast-schema-graph\">{\"@context\":\"https:\\\/\\\/schema.org\",\"@graph\":[{\"@type\":\"WebPage\",\"@id\":\"https:\\\/\\\/argenteriadabbene.com\\\/en\\\/prodotto\\\/catena-zaffiro-copia\\\/\",\"url\":\"https:\\\/\\\/argenteriadabbene.com\\\/en\\\/prodotto\\\/catena-zaffiro-copia\\\/\",\"name\":\"Servizio di Piatti Ginori modello Diva\",\"isPartOf\":{\"@id\":\"https:\\\/\\\/argenteriadabbene.com\\\/en\\\/#website\"},\"primaryImageOfPage\":{\"@id\":\"https:\\\/\\\/argenteriadabbene.com\\\/en\\\/prodotto\\\/catena-zaffiro-copia\\\/#primaryimage\"},\"image\":{\"@id\":\"https:\\\/\\\/argenteriadabbene.com\\\/en\\\/prodotto\\\/catena-zaffiro-copia\\\/#primaryimage\"},\"thumbnailUrl\":\"https:\\\/\\\/argenteriadabbene.com\\\/wp-content\\\/uploads\\\/2024\\\/04\\\/TABLE-1.avif\",\"datePublished\":\"2024-04-26T15:04:20+00:00\",\"dateModified\":\"2024-04-26T15:20:25+00:00\",\"description\":\"Servizio di Piatti Ginori modello DIva\",\"breadcrumb\":{\"@id\":\"https:\\\/\\\/argenteriadabbene.com\\\/en\\\/prodotto\\\/catena-zaffiro-copia\\\/#breadcrumb\"},\"inLanguage\":\"en-US\",\"potentialAction\":[{\"@type\":\"ReadAction\",\"target\":[\"https:\\\/\\\/argenteriadabbene.com\\\/en\\\/prodotto\\\/catena-zaffiro-copia\\\/\"]}]},{\"@type\":\"ImageObject\",\"inLanguage\":\"en-US\",\"@id\":\"https:\\\/\\\/argenteriadabbene.com\\\/en\\\/prodotto\\\/catena-zaffiro-copia\\\/#primaryimage\",\"url\":\"https:\\\/\\\/argenteriadabbene.com\\\/wp-content\\\/uploads\\\/2024\\\/04\\\/TABLE-1.avif\",\"contentUrl\":\"https:\\\/\\\/argenteriadabbene.com\\\/wp-content\\\/uploads\\\/2024\\\/04\\\/TABLE-1.avif\",\"width\":590,\"height\":885},{\"@type\":\"BreadcrumbList\",\"@id\":\"https:\\\/\\\/argenteriadabbene.com\\\/en\\\/prodotto\\\/catena-zaffiro-copia\\\/#breadcrumb\",\"itemListElement\":[{\"@type\":\"ListItem\",\"position\":1,\"name\":\"Home\",\"item\":\"https:\\\/\\\/argenteriadabbene.com\\\/en\\\/\"},{\"@type\":\"ListItem\",\"position\":2,\"name\":\"Shop\",\"item\":\"https:\\\/\\\/argenteriadabbene.com\\\/en\\\/shop\\\/\"},{\"@type\":\"ListItem\",\"position\":3,\"name\":\"Porcelain Dinnerware\",\"item\":\"https:\\\/\\\/argenteriadabbene.com\\\/en\\\/prodotti\\\/porcelain-dinnerware\\\/\"},{\"@type\":\"ListItem\",\"position\":4,\"name\":\"Ginori - Dinnerware\",\"item\":\"https:\\\/\\\/argenteriadabbene.com\\\/en\\\/prodotti\\\/porcelain-dinnerware\\\/ginori-dinnerware-2\\\/\"},{\"@type\":\"ListItem\",\"position\":5,\"name\":\"DIVA\"}]},{\"@type\":\"WebSite\",\"@id\":\"https:\\\/\\\/argenteriadabbene.com\\\/en\\\/#website\",\"url\":\"https:\\\/\\\/argenteriadabbene.com\\\/en\\\/\",\"name\":\"Argenteria Dabbene Milano - Liste Nozze - Regali - Bijoux\",\"description\":\"L&#039;Argenteria DABBENE, nel centro storico di Milano, in Largo Treves,2 unisce la tradizione delle vecchie botteghe milanesi alle innovazioni.\",\"publisher\":{\"@id\":\"https:\\\/\\\/argenteriadabbene.com\\\/en\\\/#organization\"},\"potentialAction\":[{\"@type\":\"SearchAction\",\"target\":{\"@type\":\"EntryPoint\",\"urlTemplate\":\"https:\\\/\\\/argenteriadabbene.com\\\/en\\\/?s={search_term_string}\"},\"query-input\":{\"@type\":\"PropertyValueSpecification\",\"valueRequired\":true,\"valueName\":\"search_term_string\"}}],\"inLanguage\":\"en-US\"},{\"@type\":\"Organization\",\"@id\":\"https:\\\/\\\/argenteriadabbene.com\\\/en\\\/#organization\",\"name\":\"Argenteria Dabbene Milano - Liste Nozze - Regali - Bijoux\",\"url\":\"https:\\\/\\\/argenteriadabbene.com\\\/en\\\/\",\"logo\":{\"@type\":\"ImageObject\",\"inLanguage\":\"en-US\",\"@id\":\"https:\\\/\\\/argenteriadabbene.com\\\/en\\\/#\\\/schema\\\/logo\\\/image\\\/\",\"url\":\"https:\\\/\\\/argenteriadabbene.com\\\/wp-content\\\/uploads\\\/2023\\\/06\\\/logo_dabbene.jpg\",\"contentUrl\":\"https:\\\/\\\/argenteriadabbene.com\\\/wp-content\\\/uploads\\\/2023\\\/06\\\/logo_dabbene.jpg\",\"width\":950,\"height\":600,\"caption\":\"Argenteria Dabbene Milano - Liste Nozze - Regali - Bijoux\"},\"image\":{\"@id\":\"https:\\\/\\\/argenteriadabbene.com\\\/en\\\/#\\\/schema\\\/logo\\\/image\\\/\"},\"sameAs\":[\"https:\\\/\\\/www.facebook.com\\\/ArgenteriaDabbene\",\"https:\\\/\\\/www.instagram.com\\\/argenteriadabbene\"]}]}<\/script>\n<!-- \/ Yoast SEO plugin. -->","yoast_head_json":{"title":"Servizio di Piatti Ginori modello Diva","description":"Servizio di Piatti Ginori modello DIva","robots":{"index":"index","follow":"follow","max-snippet":"max-snippet:-1","max-image-preview":"max-image-preview:large","max-video-preview":"max-video-preview:-1"},"canonical":"https:\/\/argenteriadabbene.com\/en\/prodotto\/catena-zaffiro-copia\/","og_locale":"en_US","og_type":"article","og_title":"Servizio di Piatti Ginori modello Diva","og_description":"Servizio di Piatti Ginori modello DIva","og_url":"https:\/\/argenteriadabbene.com\/en\/prodotto\/catena-zaffiro-copia\/","og_site_name":"Argenteria Dabbene Milano - Liste Nozze - Regali - Bijoux","article_publisher":"https:\/\/www.facebook.com\/ArgenteriaDabbene","article_modified_time":"2024-04-26T15:20:25+00:00","twitter_misc":{"Est. reading time":"1 minute"},"schema":{"@context":"https:\/\/schema.org","@graph":[{"@type":"WebPage","@id":"https:\/\/argenteriadabbene.com\/en\/prodotto\/catena-zaffiro-copia\/","url":"https:\/\/argenteriadabbene.com\/en\/prodotto\/catena-zaffiro-copia\/","name":"Servizio di Piatti Ginori modello Diva","isPartOf":{"@id":"https:\/\/argenteriadabbene.com\/en\/#website"},"primaryImageOfPage":{"@id":"https:\/\/argenteriadabbene.com\/en\/prodotto\/catena-zaffiro-copia\/#primaryimage"},"image":{"@id":"https:\/\/argenteriadabbene.com\/en\/prodotto\/catena-zaffiro-copia\/#primaryimage"},"thumbnailUrl":"https:\/\/argenteriadabbene.com\/wp-content\/uploads\/2024\/04\/TABLE-1.avif","datePublished":"2024-04-26T15:04:20+00:00","dateModified":"2024-04-26T15:20:25+00:00","description":"Servizio di Piatti Ginori modello DIva","breadcrumb":{"@id":"https:\/\/argenteriadabbene.com\/en\/prodotto\/catena-zaffiro-copia\/#breadcrumb"},"inLanguage":"en-US","potentialAction":[{"@type":"ReadAction","target":["https:\/\/argenteriadabbene.com\/en\/prodotto\/catena-zaffiro-copia\/"]}]},{"@type":"ImageObject","inLanguage":"en-US","@id":"https:\/\/argenteriadabbene.com\/en\/prodotto\/catena-zaffiro-copia\/#primaryimage","url":"https:\/\/argenteriadabbene.com\/wp-content\/uploads\/2024\/04\/TABLE-1.avif","contentUrl":"https:\/\/argenteriadabbene.com\/wp-content\/uploads\/2024\/04\/TABLE-1.avif","width":590,"height":885},{"@type":"BreadcrumbList","@id":"https:\/\/argenteriadabbene.com\/en\/prodotto\/catena-zaffiro-copia\/#breadcrumb","itemListElement":[{"@type":"ListItem","position":1,"name":"Home","item":"https:\/\/argenteriadabbene.com\/en\/"},{"@type":"ListItem","position":2,"name":"Shop","item":"https:\/\/argenteriadabbene.com\/en\/shop\/"},{"@type":"ListItem","position":3,"name":"Porcelain Dinnerware","item":"https:\/\/argenteriadabbene.com\/en\/prodotti\/porcelain-dinnerware\/"},{"@type":"ListItem","position":4,"name":"Ginori - Dinnerware","item":"https:\/\/argenteriadabbene.com\/en\/prodotti\/porcelain-dinnerware\/ginori-dinnerware-2\/"},{"@type":"ListItem","position":5,"name":"DIVA"}]},{"@type":"WebSite","@id":"https:\/\/argenteriadabbene.com\/en\/#website","url":"https:\/\/argenteriadabbene.com\/en\/","name":"Argenteria Dabbene Milano - Liste Nozze - Regali - Bijoux","description":"L&#039;Argenteria DABBENE, nel centro storico di Milano, in Largo Treves,2 unisce la tradizione delle vecchie botteghe milanesi alle innovazioni.","publisher":{"@id":"https:\/\/argenteriadabbene.com\/en\/#organization"},"potentialAction":[{"@type":"SearchAction","target":{"@type":"EntryPoint","urlTemplate":"https:\/\/argenteriadabbene.com\/en\/?s={search_term_string}"},"query-input":{"@type":"PropertyValueSpecification","valueRequired":true,"valueName":"search_term_string"}}],"inLanguage":"en-US"},{"@type":"Organization","@id":"https:\/\/argenteriadabbene.com\/en\/#organization","name":"Argenteria Dabbene Milano - Liste Nozze - Regali - Bijoux","url":"https:\/\/argenteriadabbene.com\/en\/","logo":{"@type":"ImageObject","inLanguage":"en-US","@id":"https:\/\/argenteriadabbene.com\/en\/#\/schema\/logo\/image\/","url":"https:\/\/argenteriadabbene.com\/wp-content\/uploads\/2023\/06\/logo_dabbene.jpg","contentUrl":"https:\/\/argenteriadabbene.com\/wp-content\/uploads\/2023\/06\/logo_dabbene.jpg","width":950,"height":600,"caption":"Argenteria Dabbene Milano - Liste Nozze - Regali - Bijoux"},"image":{"@id":"https:\/\/argenteriadabbene.com\/en\/#\/schema\/logo\/image\/"},"sameAs":["https:\/\/www.facebook.com\/ArgenteriaDabbene","https:\/\/www.instagram.com\/argenteriadabbene"]}]}},"_links":{"self":[{"href":"https:\/\/argenteriadabbene.com\/en\/wp-json\/wp\/v2\/product\/28774","targetHints":{"allow":["GET"]}}],"collection":[{"href":"https:\/\/argenteriadabbene.com\/en\/wp-json\/wp\/v2\/product"}],"about":[{"href":"https:\/\/argenteriadabbene.com\/en\/wp-json\/wp\/v2\/types\/product"}],"wp:featuredmedia":[{"embeddable":true,"href":"https:\/\/argenteriadabbene.com\/en\/wp-json\/wp\/v2\/media\/28848"}],"wp:attachment":[{"href":"https:\/\/argenteriadabbene.com\/en\/wp-json\/wp\/v2\/media?parent=28774"}],"wp:term":[{"taxonomy":"product_brand","embeddable":true,"href":"https:\/\/argenteriadabbene.com\/en\/wp-json\/wp\/v2\/product_brand?post=28774"},{"taxonomy":"product_cat","embeddable":true,"href":"https:\/\/argenteriadabbene.com\/en\/wp-json\/wp\/v2\/product_cat?post=28774"},{"taxonomy":"product_tag","embeddable":true,"href":"https:\/\/argenteriadabbene.com\/en\/wp-json\/wp\/v2\/product_tag?post=28774"},{"taxonomy":"giftcard-category","embeddable":true,"href":"https:\/\/argenteriadabbene.com\/en\/wp-json\/wp\/v2\/giftcard-category?post=28774"},{"taxonomy":"berocket_brand","embeddable":true,"href":"https:\/\/argenteriadabbene.com\/en\/wp-json\/wp\/v2\/berocket_brand?post=28774"}],"curies":[{"name":"wp","href":"https:\/\/api.w.org\/{rel}","templated":true}]}}