{"id":28404,"date":"2024-01-27T11:47:04","date_gmt":"2024-01-27T10:47:04","guid":{"rendered":"https:\/\/argenteriadabbene.com\/prodotto\/chateau-baccarat-degustation-glasses-set\/"},"modified":"2024-01-27T11:47:04","modified_gmt":"2024-01-27T10:47:04","slug":"chateau-baccarat-degustation-glasses-set","status":"publish","type":"product","link":"https:\/\/argenteriadabbene.com\/en\/prodotto\/chateau-baccarat-degustation-glasses-set\/","title":{"rendered":"CH\u00c2TEAU BACCARAT D\u00c9GUSTATION GLASSES SET"},"content":{"rendered":"<p>Il set Ch\u00e2teau Baccarat rivoluziona l&#8217;arte della degustazione del vino per rivelare meglio di chiunque altro la sontuosit\u00e0 di vini e alcolici. Il regalo perfetto per inaugurare una collezione esclusiva di bicchieri Baccarat. Ideato con il contributo del famoso enologo Bruno Quenioux, il set di bicchieri Ch\u00e2teau Baccarat rivoluziona l\u2019arte della degustazione del vino. La coppa di ogni bicchiere, arrotondata e reclinata, mantiene l\u2019armonia degli aromi e la concentrazione alcolica prevale delicatamente sulla potenza per valorizzare l\u2019atto della degustazione. Presentato nell\u2019emblematico cofanetto rosso, il set di 4 bicchieri \u00e8 il partner perfetto per momenti eccezionali. Una fl\u00fbte da champagne (2611149) per le occasioni pi\u00f9 sfavillanti, due bicchieri da vino (2611150 e 2611151) per rendere omaggio a ogni vintage e un tumbler (2809869) per svelare la vera essenza della bevanda alcolica.<\/p>\n","protected":false},"excerpt":{"rendered":"<p>CH\u00c2TEAU BACCARAT D\u00c9GUSTATION GLASSES SET<\/p>\n","protected":false},"featured_media":28403,"template":"","meta":{"_acf_changed":false},"product_brand":[],"product_cat":[2756,2750],"product_tag":[3560,3562,3561,3563],"giftcard-category":[],"berocket_brand":[2854],"class_list":{"0":"post-28404","1":"product","2":"type-product","3":"status-publish","4":"has-post-thumbnail","6":"product_cat-highball-and-tumbler","7":"product_cat-wine-water-glass-2","8":"product_tag-baccarat-en","9":"product_tag-chateau-en","10":"product_tag-degustation-en","11":"product_tag-set-en","12":"berocket_brand-baccarat-en","13":"tm-no-options","15":"first","16":"instock","17":"shipping-taxable","18":"purchasable","19":"product-type-simple"},"acf":[],"yoast_head":"<!-- This site is optimized with the Yoast SEO plugin v27.4 - https:\/\/yoast.com\/product\/yoast-seo-wordpress\/ -->\n<title>CH\u00c2TEAU BACCARAT D\u00c9GUSTATION GLASSES SET - Argenteria Dabbene Milano - Liste Nozze - Regali - Bijoux<\/title>\n<meta name=\"robots\" content=\"index, follow, max-snippet:-1, max-image-preview:large, max-video-preview:-1\" \/>\n<link rel=\"canonical\" href=\"https:\/\/argenteriadabbene.com\/en\/prodotto\/chateau-baccarat-degustation-glasses-set\/\" \/>\n<meta property=\"og:locale\" content=\"en_US\" \/>\n<meta property=\"og:type\" content=\"article\" \/>\n<meta property=\"og:title\" content=\"CH\u00c2TEAU BACCARAT D\u00c9GUSTATION GLASSES SET - Argenteria Dabbene Milano - Liste Nozze - Regali - Bijoux\" \/>\n<meta property=\"og:description\" content=\"CH\u00c2TEAU BACCARAT D\u00c9GUSTATION GLASSES SET\" \/>\n<meta property=\"og:url\" content=\"https:\/\/argenteriadabbene.com\/en\/prodotto\/chateau-baccarat-degustation-glasses-set\/\" \/>\n<meta property=\"og:site_name\" content=\"Argenteria Dabbene Milano - Liste Nozze - Regali - Bijoux\" \/>\n<meta property=\"article:publisher\" content=\"https:\/\/www.facebook.com\/ArgenteriaDabbene\" \/>\n<meta property=\"og:image\" content=\"https:\/\/argenteriadabbene.com\/wp-content\/uploads\/2024\/01\/2811925_grey_001-scaled.jpg\" \/>\n\t<meta property=\"og:image:width\" content=\"2560\" \/>\n\t<meta property=\"og:image:height\" content=\"2560\" \/>\n\t<meta property=\"og:image:type\" content=\"image\/jpeg\" \/>\n<meta name=\"twitter:label1\" content=\"Est. reading time\" \/>\n\t<meta name=\"twitter:data1\" content=\"1 minute\" \/>\n<script type=\"application\/ld+json\" class=\"yoast-schema-graph\">{\"@context\":\"https:\\\/\\\/schema.org\",\"@graph\":[{\"@type\":\"WebPage\",\"@id\":\"https:\\\/\\\/argenteriadabbene.com\\\/en\\\/prodotto\\\/chateau-baccarat-degustation-glasses-set\\\/\",\"url\":\"https:\\\/\\\/argenteriadabbene.com\\\/en\\\/prodotto\\\/chateau-baccarat-degustation-glasses-set\\\/\",\"name\":\"CH\u00c2TEAU BACCARAT D\u00c9GUSTATION GLASSES SET - Argenteria Dabbene Milano - Liste Nozze - Regali - Bijoux\",\"isPartOf\":{\"@id\":\"https:\\\/\\\/argenteriadabbene.com\\\/en\\\/#website\"},\"primaryImageOfPage\":{\"@id\":\"https:\\\/\\\/argenteriadabbene.com\\\/en\\\/prodotto\\\/chateau-baccarat-degustation-glasses-set\\\/#primaryimage\"},\"image\":{\"@id\":\"https:\\\/\\\/argenteriadabbene.com\\\/en\\\/prodotto\\\/chateau-baccarat-degustation-glasses-set\\\/#primaryimage\"},\"thumbnailUrl\":\"https:\\\/\\\/argenteriadabbene.com\\\/wp-content\\\/uploads\\\/2024\\\/01\\\/2811925_grey_001-scaled.jpg\",\"datePublished\":\"2024-01-27T10:47:04+00:00\",\"breadcrumb\":{\"@id\":\"https:\\\/\\\/argenteriadabbene.com\\\/en\\\/prodotto\\\/chateau-baccarat-degustation-glasses-set\\\/#breadcrumb\"},\"inLanguage\":\"en-US\",\"potentialAction\":[{\"@type\":\"ReadAction\",\"target\":[\"https:\\\/\\\/argenteriadabbene.com\\\/en\\\/prodotto\\\/chateau-baccarat-degustation-glasses-set\\\/\"]}]},{\"@type\":\"ImageObject\",\"inLanguage\":\"en-US\",\"@id\":\"https:\\\/\\\/argenteriadabbene.com\\\/en\\\/prodotto\\\/chateau-baccarat-degustation-glasses-set\\\/#primaryimage\",\"url\":\"https:\\\/\\\/argenteriadabbene.com\\\/wp-content\\\/uploads\\\/2024\\\/01\\\/2811925_grey_001-scaled.jpg\",\"contentUrl\":\"https:\\\/\\\/argenteriadabbene.com\\\/wp-content\\\/uploads\\\/2024\\\/01\\\/2811925_grey_001-scaled.jpg\",\"width\":2560,\"height\":2560},{\"@type\":\"BreadcrumbList\",\"@id\":\"https:\\\/\\\/argenteriadabbene.com\\\/en\\\/prodotto\\\/chateau-baccarat-degustation-glasses-set\\\/#breadcrumb\",\"itemListElement\":[{\"@type\":\"ListItem\",\"position\":1,\"name\":\"Home\",\"item\":\"https:\\\/\\\/argenteriadabbene.com\\\/en\\\/\"},{\"@type\":\"ListItem\",\"position\":2,\"name\":\"Shop\",\"item\":\"https:\\\/\\\/argenteriadabbene.com\\\/en\\\/shop\\\/\"},{\"@type\":\"ListItem\",\"position\":3,\"name\":\"Crystals \\\/ Murano Glass\",\"item\":\"https:\\\/\\\/argenteriadabbene.com\\\/en\\\/prodotti\\\/crystals-murano-glass\\\/\"},{\"@type\":\"ListItem\",\"position\":4,\"name\":\"Baccarat\",\"item\":\"https:\\\/\\\/argenteriadabbene.com\\\/en\\\/prodotti\\\/crystals-murano-glass\\\/baccarat-glasses\\\/\"},{\"@type\":\"ListItem\",\"position\":5,\"name\":\"HIGHBALL and TUMBLER\",\"item\":\"https:\\\/\\\/argenteriadabbene.com\\\/en\\\/prodotti\\\/crystals-murano-glass\\\/baccarat-glasses\\\/highball-and-tumbler\\\/\"},{\"@type\":\"ListItem\",\"position\":6,\"name\":\"CH\u00c2TEAU BACCARAT D\u00c9GUSTATION GLASSES SET\"}]},{\"@type\":\"WebSite\",\"@id\":\"https:\\\/\\\/argenteriadabbene.com\\\/en\\\/#website\",\"url\":\"https:\\\/\\\/argenteriadabbene.com\\\/en\\\/\",\"name\":\"Argenteria Dabbene Milano - Liste Nozze - Regali - Bijoux\",\"description\":\"L&#039;Argenteria DABBENE, nel centro storico di Milano, in Largo Treves,2 unisce la tradizione delle vecchie botteghe milanesi alle innovazioni.\",\"publisher\":{\"@id\":\"https:\\\/\\\/argenteriadabbene.com\\\/en\\\/#organization\"},\"potentialAction\":[{\"@type\":\"SearchAction\",\"target\":{\"@type\":\"EntryPoint\",\"urlTemplate\":\"https:\\\/\\\/argenteriadabbene.com\\\/en\\\/?s={search_term_string}\"},\"query-input\":{\"@type\":\"PropertyValueSpecification\",\"valueRequired\":true,\"valueName\":\"search_term_string\"}}],\"inLanguage\":\"en-US\"},{\"@type\":\"Organization\",\"@id\":\"https:\\\/\\\/argenteriadabbene.com\\\/en\\\/#organization\",\"name\":\"Argenteria Dabbene Milano - Liste Nozze - Regali - Bijoux\",\"url\":\"https:\\\/\\\/argenteriadabbene.com\\\/en\\\/\",\"logo\":{\"@type\":\"ImageObject\",\"inLanguage\":\"en-US\",\"@id\":\"https:\\\/\\\/argenteriadabbene.com\\\/en\\\/#\\\/schema\\\/logo\\\/image\\\/\",\"url\":\"https:\\\/\\\/argenteriadabbene.com\\\/wp-content\\\/uploads\\\/2023\\\/06\\\/logo_dabbene.jpg\",\"contentUrl\":\"https:\\\/\\\/argenteriadabbene.com\\\/wp-content\\\/uploads\\\/2023\\\/06\\\/logo_dabbene.jpg\",\"width\":950,\"height\":600,\"caption\":\"Argenteria Dabbene Milano - Liste Nozze - Regali - Bijoux\"},\"image\":{\"@id\":\"https:\\\/\\\/argenteriadabbene.com\\\/en\\\/#\\\/schema\\\/logo\\\/image\\\/\"},\"sameAs\":[\"https:\\\/\\\/www.facebook.com\\\/ArgenteriaDabbene\",\"https:\\\/\\\/www.instagram.com\\\/argenteriadabbene\"]}]}<\/script>\n<!-- \/ Yoast SEO plugin. -->","yoast_head_json":{"title":"CH\u00c2TEAU BACCARAT D\u00c9GUSTATION GLASSES SET - Argenteria Dabbene Milano - Liste Nozze - Regali - Bijoux","robots":{"index":"index","follow":"follow","max-snippet":"max-snippet:-1","max-image-preview":"max-image-preview:large","max-video-preview":"max-video-preview:-1"},"canonical":"https:\/\/argenteriadabbene.com\/en\/prodotto\/chateau-baccarat-degustation-glasses-set\/","og_locale":"en_US","og_type":"article","og_title":"CH\u00c2TEAU BACCARAT D\u00c9GUSTATION GLASSES SET - Argenteria Dabbene Milano - Liste Nozze - Regali - Bijoux","og_description":"CH\u00c2TEAU BACCARAT D\u00c9GUSTATION GLASSES SET","og_url":"https:\/\/argenteriadabbene.com\/en\/prodotto\/chateau-baccarat-degustation-glasses-set\/","og_site_name":"Argenteria Dabbene Milano - Liste Nozze - Regali - Bijoux","article_publisher":"https:\/\/www.facebook.com\/ArgenteriaDabbene","og_image":[{"width":2560,"height":2560,"url":"https:\/\/argenteriadabbene.com\/wp-content\/uploads\/2024\/01\/2811925_grey_001-scaled.jpg","type":"image\/jpeg"}],"twitter_misc":{"Est. reading time":"1 minute"},"schema":{"@context":"https:\/\/schema.org","@graph":[{"@type":"WebPage","@id":"https:\/\/argenteriadabbene.com\/en\/prodotto\/chateau-baccarat-degustation-glasses-set\/","url":"https:\/\/argenteriadabbene.com\/en\/prodotto\/chateau-baccarat-degustation-glasses-set\/","name":"CH\u00c2TEAU BACCARAT D\u00c9GUSTATION GLASSES SET - Argenteria Dabbene Milano - Liste Nozze - Regali - Bijoux","isPartOf":{"@id":"https:\/\/argenteriadabbene.com\/en\/#website"},"primaryImageOfPage":{"@id":"https:\/\/argenteriadabbene.com\/en\/prodotto\/chateau-baccarat-degustation-glasses-set\/#primaryimage"},"image":{"@id":"https:\/\/argenteriadabbene.com\/en\/prodotto\/chateau-baccarat-degustation-glasses-set\/#primaryimage"},"thumbnailUrl":"https:\/\/argenteriadabbene.com\/wp-content\/uploads\/2024\/01\/2811925_grey_001-scaled.jpg","datePublished":"2024-01-27T10:47:04+00:00","breadcrumb":{"@id":"https:\/\/argenteriadabbene.com\/en\/prodotto\/chateau-baccarat-degustation-glasses-set\/#breadcrumb"},"inLanguage":"en-US","potentialAction":[{"@type":"ReadAction","target":["https:\/\/argenteriadabbene.com\/en\/prodotto\/chateau-baccarat-degustation-glasses-set\/"]}]},{"@type":"ImageObject","inLanguage":"en-US","@id":"https:\/\/argenteriadabbene.com\/en\/prodotto\/chateau-baccarat-degustation-glasses-set\/#primaryimage","url":"https:\/\/argenteriadabbene.com\/wp-content\/uploads\/2024\/01\/2811925_grey_001-scaled.jpg","contentUrl":"https:\/\/argenteriadabbene.com\/wp-content\/uploads\/2024\/01\/2811925_grey_001-scaled.jpg","width":2560,"height":2560},{"@type":"BreadcrumbList","@id":"https:\/\/argenteriadabbene.com\/en\/prodotto\/chateau-baccarat-degustation-glasses-set\/#breadcrumb","itemListElement":[{"@type":"ListItem","position":1,"name":"Home","item":"https:\/\/argenteriadabbene.com\/en\/"},{"@type":"ListItem","position":2,"name":"Shop","item":"https:\/\/argenteriadabbene.com\/en\/shop\/"},{"@type":"ListItem","position":3,"name":"Crystals \/ Murano Glass","item":"https:\/\/argenteriadabbene.com\/en\/prodotti\/crystals-murano-glass\/"},{"@type":"ListItem","position":4,"name":"Baccarat","item":"https:\/\/argenteriadabbene.com\/en\/prodotti\/crystals-murano-glass\/baccarat-glasses\/"},{"@type":"ListItem","position":5,"name":"HIGHBALL and TUMBLER","item":"https:\/\/argenteriadabbene.com\/en\/prodotti\/crystals-murano-glass\/baccarat-glasses\/highball-and-tumbler\/"},{"@type":"ListItem","position":6,"name":"CH\u00c2TEAU BACCARAT D\u00c9GUSTATION GLASSES SET"}]},{"@type":"WebSite","@id":"https:\/\/argenteriadabbene.com\/en\/#website","url":"https:\/\/argenteriadabbene.com\/en\/","name":"Argenteria Dabbene Milano - Liste Nozze - Regali - Bijoux","description":"L&#039;Argenteria DABBENE, nel centro storico di Milano, in Largo Treves,2 unisce la tradizione delle vecchie botteghe milanesi alle innovazioni.","publisher":{"@id":"https:\/\/argenteriadabbene.com\/en\/#organization"},"potentialAction":[{"@type":"SearchAction","target":{"@type":"EntryPoint","urlTemplate":"https:\/\/argenteriadabbene.com\/en\/?s={search_term_string}"},"query-input":{"@type":"PropertyValueSpecification","valueRequired":true,"valueName":"search_term_string"}}],"inLanguage":"en-US"},{"@type":"Organization","@id":"https:\/\/argenteriadabbene.com\/en\/#organization","name":"Argenteria Dabbene Milano - Liste Nozze - Regali - Bijoux","url":"https:\/\/argenteriadabbene.com\/en\/","logo":{"@type":"ImageObject","inLanguage":"en-US","@id":"https:\/\/argenteriadabbene.com\/en\/#\/schema\/logo\/image\/","url":"https:\/\/argenteriadabbene.com\/wp-content\/uploads\/2023\/06\/logo_dabbene.jpg","contentUrl":"https:\/\/argenteriadabbene.com\/wp-content\/uploads\/2023\/06\/logo_dabbene.jpg","width":950,"height":600,"caption":"Argenteria Dabbene Milano - Liste Nozze - Regali - Bijoux"},"image":{"@id":"https:\/\/argenteriadabbene.com\/en\/#\/schema\/logo\/image\/"},"sameAs":["https:\/\/www.facebook.com\/ArgenteriaDabbene","https:\/\/www.instagram.com\/argenteriadabbene"]}]}},"_links":{"self":[{"href":"https:\/\/argenteriadabbene.com\/en\/wp-json\/wp\/v2\/product\/28404","targetHints":{"allow":["GET"]}}],"collection":[{"href":"https:\/\/argenteriadabbene.com\/en\/wp-json\/wp\/v2\/product"}],"about":[{"href":"https:\/\/argenteriadabbene.com\/en\/wp-json\/wp\/v2\/types\/product"}],"wp:featuredmedia":[{"embeddable":true,"href":"https:\/\/argenteriadabbene.com\/en\/wp-json\/wp\/v2\/media\/28403"}],"wp:attachment":[{"href":"https:\/\/argenteriadabbene.com\/en\/wp-json\/wp\/v2\/media?parent=28404"}],"wp:term":[{"taxonomy":"product_brand","embeddable":true,"href":"https:\/\/argenteriadabbene.com\/en\/wp-json\/wp\/v2\/product_brand?post=28404"},{"taxonomy":"product_cat","embeddable":true,"href":"https:\/\/argenteriadabbene.com\/en\/wp-json\/wp\/v2\/product_cat?post=28404"},{"taxonomy":"product_tag","embeddable":true,"href":"https:\/\/argenteriadabbene.com\/en\/wp-json\/wp\/v2\/product_tag?post=28404"},{"taxonomy":"giftcard-category","embeddable":true,"href":"https:\/\/argenteriadabbene.com\/en\/wp-json\/wp\/v2\/giftcard-category?post=28404"},{"taxonomy":"berocket_brand","embeddable":true,"href":"https:\/\/argenteriadabbene.com\/en\/wp-json\/wp\/v2\/berocket_brand?post=28404"}],"curies":[{"name":"wp","href":"https:\/\/api.w.org\/{rel}","templated":true}]}}