{"id":25565,"date":"2023-07-06T16:22:02","date_gmt":"2023-07-06T14:22:02","guid":{"rendered":"https:\/\/dabbenewp.b42.it\/it\/prodotto\/veloce-rose\/"},"modified":"2023-10-06T14:38:25","modified_gmt":"2023-10-06T12:38:25","slug":"veloce-rose","status":"publish","type":"product","link":"https:\/\/argenteriadabbene.com\/en\/prodotto\/veloce-rose\/","title":{"rendered":"Veloce Ros\u00e9"},"content":{"rendered":"<p>The Ros\u00e9 glass is perfect to reveal the bouquet and freshness of ros\u00e9 wines.<\/p>\n<p>The shape emphasises the wine&#8217;s fresh fruitiness while tempering its high acidity and bringing out its characteristic red berry and pinewood aromas. This is the ideal glass from which to enjoy typically tart, dry ros\u00e9 wines.<\/p>\n<p class=\"product-info__characteristics-paragraph flex justify-between\"><span class=\"inline-block\">Year of design <\/span><span class=\"inline-block\">2022<\/span><\/p>\n<p class=\"product-info__characteristics-paragraph flex justify-between\">Volume 347.0 ccm<\/p>\n<p class=\"product-info__characteristics-paragraph flex justify-between\">Height 247.0 mm<\/p>\n<p class=\"product-info__characteristics-paragraph flex justify-between\">Box quantity 2<\/p>\n<p class=\"product-info__characteristics-paragraph flex justify-between\">Type of Manufacturing machine-made<\/p>\n","protected":false},"excerpt":{"rendered":"<p>The Ros\u00e9 glass is perfect to reveal the bouquet and freshness of ros\u00e9 wines.<\/p>\n<p>The shape emphasises the wine&#8217;s fresh fruitiness while tempering its high acidity and bringing out its characteristic red berry and pinewood aromas. This is the ideal glass from which to enjoy typically tart, dry ros\u00e9 wines.<br \/>\nYear of design 2022<br \/>\nVolume 347.0 ccm<br \/>\nHeight 247.0 mm<br \/>\nBox quantity 2<br \/>\nType of Manufacturing machine-made<\/p>\n","protected":false},"featured_media":22024,"template":"","meta":{"_acf_changed":false},"product_brand":[],"product_cat":[3258,3278],"product_tag":[],"giftcard-category":[],"berocket_brand":[2893],"class_list":{"0":"post-25565","1":"product","2":"type-product","3":"status-publish","4":"has-post-thumbnail","6":"product_cat-glasses-riedel","7":"product_cat-lalique-objects","8":"berocket_brand-riedel-en","9":"tm-no-options","11":"first","12":"instock","13":"shipping-taxable","14":"purchasable","15":"product-type-simple"},"acf":[],"yoast_head":"<!-- This site is optimized with the Yoast SEO plugin v27.3 - https:\/\/yoast.com\/product\/yoast-seo-wordpress\/ -->\n<title>Veloce Ros\u00e9 - Argenteria Dabbene Milano - Liste Nozze - Regali - Bijoux<\/title>\n<meta name=\"robots\" content=\"index, follow, max-snippet:-1, max-image-preview:large, max-video-preview:-1\" \/>\n<link rel=\"canonical\" href=\"https:\/\/argenteriadabbene.com\/en\/prodotto\/veloce-rose\/\" \/>\n<meta property=\"og:locale\" content=\"en_US\" \/>\n<meta property=\"og:type\" content=\"article\" \/>\n<meta property=\"og:title\" content=\"Veloce Ros\u00e9 - Argenteria Dabbene Milano - Liste Nozze - Regali - Bijoux\" \/>\n<meta property=\"og:description\" content=\"The Ros\u00e9 glass is perfect to reveal the bouquet and freshness of ros\u00e9 wines.  The shape emphasises the wine&#039;s fresh fruitiness while tempering its high acidity and bringing out its characteristic red berry and pinewood aromas. This is the ideal glass from which to enjoy typically tart, dry ros\u00e9 wines. Year of design 2022 Volume 347.0 ccm Height 247.0 mm Box quantity 2 Type of Manufacturing machine-made\" \/>\n<meta property=\"og:url\" content=\"https:\/\/argenteriadabbene.com\/en\/prodotto\/veloce-rose\/\" \/>\n<meta property=\"og:site_name\" content=\"Argenteria Dabbene Milano - Liste Nozze - Regali - Bijoux\" \/>\n<meta property=\"article:publisher\" content=\"https:\/\/www.facebook.com\/ArgenteriaDabbene\" \/>\n<meta property=\"article:modified_time\" content=\"2023-10-06T12:38:25+00:00\" \/>\n<meta property=\"og:image\" content=\"https:\/\/argenteriadabbene.com\/wp-content\/uploads\/2023\/07\/rose-veloce.webp\" \/>\n\t<meta property=\"og:image:width\" content=\"920\" \/>\n\t<meta property=\"og:image:height\" content=\"745\" \/>\n\t<meta property=\"og:image:type\" content=\"image\/webp\" \/>\n<script type=\"application\/ld+json\" class=\"yoast-schema-graph\">{\"@context\":\"https:\\\/\\\/schema.org\",\"@graph\":[{\"@type\":\"WebPage\",\"@id\":\"https:\\\/\\\/argenteriadabbene.com\\\/en\\\/prodotto\\\/veloce-rose\\\/\",\"url\":\"https:\\\/\\\/argenteriadabbene.com\\\/en\\\/prodotto\\\/veloce-rose\\\/\",\"name\":\"Veloce Ros\u00e9 - Argenteria Dabbene Milano - Liste Nozze - Regali - Bijoux\",\"isPartOf\":{\"@id\":\"https:\\\/\\\/argenteriadabbene.com\\\/en\\\/#website\"},\"primaryImageOfPage\":{\"@id\":\"https:\\\/\\\/argenteriadabbene.com\\\/en\\\/prodotto\\\/veloce-rose\\\/#primaryimage\"},\"image\":{\"@id\":\"https:\\\/\\\/argenteriadabbene.com\\\/en\\\/prodotto\\\/veloce-rose\\\/#primaryimage\"},\"thumbnailUrl\":\"https:\\\/\\\/argenteriadabbene.com\\\/wp-content\\\/uploads\\\/2023\\\/07\\\/rose-veloce.webp\",\"datePublished\":\"2023-07-06T14:22:02+00:00\",\"dateModified\":\"2023-10-06T12:38:25+00:00\",\"breadcrumb\":{\"@id\":\"https:\\\/\\\/argenteriadabbene.com\\\/en\\\/prodotto\\\/veloce-rose\\\/#breadcrumb\"},\"inLanguage\":\"en-US\",\"potentialAction\":[{\"@type\":\"ReadAction\",\"target\":[\"https:\\\/\\\/argenteriadabbene.com\\\/en\\\/prodotto\\\/veloce-rose\\\/\"]}]},{\"@type\":\"ImageObject\",\"inLanguage\":\"en-US\",\"@id\":\"https:\\\/\\\/argenteriadabbene.com\\\/en\\\/prodotto\\\/veloce-rose\\\/#primaryimage\",\"url\":\"https:\\\/\\\/argenteriadabbene.com\\\/wp-content\\\/uploads\\\/2023\\\/07\\\/rose-veloce.webp\",\"contentUrl\":\"https:\\\/\\\/argenteriadabbene.com\\\/wp-content\\\/uploads\\\/2023\\\/07\\\/rose-veloce.webp\",\"width\":920,\"height\":745},{\"@type\":\"BreadcrumbList\",\"@id\":\"https:\\\/\\\/argenteriadabbene.com\\\/en\\\/prodotto\\\/veloce-rose\\\/#breadcrumb\",\"itemListElement\":[{\"@type\":\"ListItem\",\"position\":1,\"name\":\"Home\",\"item\":\"https:\\\/\\\/argenteriadabbene.com\\\/en\\\/\"},{\"@type\":\"ListItem\",\"position\":2,\"name\":\"Shop\",\"item\":\"https:\\\/\\\/argenteriadabbene.com\\\/en\\\/shop\\\/\"},{\"@type\":\"ListItem\",\"position\":3,\"name\":\"Crystals \\\/ Murano Glass\",\"item\":\"https:\\\/\\\/argenteriadabbene.com\\\/en\\\/prodotti\\\/crystals-murano-glass\\\/\"},{\"@type\":\"ListItem\",\"position\":4,\"name\":\"Riedel\",\"item\":\"https:\\\/\\\/argenteriadabbene.com\\\/en\\\/prodotti\\\/crystals-murano-glass\\\/riedel-en\\\/\"},{\"@type\":\"ListItem\",\"position\":5,\"name\":\"Glasses\",\"item\":\"https:\\\/\\\/argenteriadabbene.com\\\/en\\\/prodotti\\\/crystals-murano-glass\\\/riedel-en\\\/glasses-riedel\\\/\"},{\"@type\":\"ListItem\",\"position\":6,\"name\":\"Veloce Ros\u00e9\"}]},{\"@type\":\"WebSite\",\"@id\":\"https:\\\/\\\/argenteriadabbene.com\\\/en\\\/#website\",\"url\":\"https:\\\/\\\/argenteriadabbene.com\\\/en\\\/\",\"name\":\"Argenteria Dabbene Milano - Liste Nozze - Regali - Bijoux\",\"description\":\"L&#039;Argenteria DABBENE, nel centro storico di Milano, in Largo Treves,2 unisce la tradizione delle vecchie botteghe milanesi alle innovazioni.\",\"publisher\":{\"@id\":\"https:\\\/\\\/argenteriadabbene.com\\\/en\\\/#organization\"},\"potentialAction\":[{\"@type\":\"SearchAction\",\"target\":{\"@type\":\"EntryPoint\",\"urlTemplate\":\"https:\\\/\\\/argenteriadabbene.com\\\/en\\\/?s={search_term_string}\"},\"query-input\":{\"@type\":\"PropertyValueSpecification\",\"valueRequired\":true,\"valueName\":\"search_term_string\"}}],\"inLanguage\":\"en-US\"},{\"@type\":\"Organization\",\"@id\":\"https:\\\/\\\/argenteriadabbene.com\\\/en\\\/#organization\",\"name\":\"Argenteria Dabbene Milano - Liste Nozze - Regali - Bijoux\",\"url\":\"https:\\\/\\\/argenteriadabbene.com\\\/en\\\/\",\"logo\":{\"@type\":\"ImageObject\",\"inLanguage\":\"en-US\",\"@id\":\"https:\\\/\\\/argenteriadabbene.com\\\/en\\\/#\\\/schema\\\/logo\\\/image\\\/\",\"url\":\"https:\\\/\\\/argenteriadabbene.com\\\/wp-content\\\/uploads\\\/2023\\\/06\\\/logo_dabbene.jpg\",\"contentUrl\":\"https:\\\/\\\/argenteriadabbene.com\\\/wp-content\\\/uploads\\\/2023\\\/06\\\/logo_dabbene.jpg\",\"width\":950,\"height\":600,\"caption\":\"Argenteria Dabbene Milano - Liste Nozze - Regali - Bijoux\"},\"image\":{\"@id\":\"https:\\\/\\\/argenteriadabbene.com\\\/en\\\/#\\\/schema\\\/logo\\\/image\\\/\"},\"sameAs\":[\"https:\\\/\\\/www.facebook.com\\\/ArgenteriaDabbene\",\"https:\\\/\\\/www.instagram.com\\\/argenteriadabbene\"]}]}<\/script>\n<!-- \/ Yoast SEO plugin. -->","yoast_head_json":{"title":"Veloce Ros\u00e9 - Argenteria Dabbene Milano - Liste Nozze - Regali - Bijoux","robots":{"index":"index","follow":"follow","max-snippet":"max-snippet:-1","max-image-preview":"max-image-preview:large","max-video-preview":"max-video-preview:-1"},"canonical":"https:\/\/argenteriadabbene.com\/en\/prodotto\/veloce-rose\/","og_locale":"en_US","og_type":"article","og_title":"Veloce Ros\u00e9 - Argenteria Dabbene Milano - Liste Nozze - Regali - Bijoux","og_description":"The Ros\u00e9 glass is perfect to reveal the bouquet and freshness of ros\u00e9 wines.  The shape emphasises the wine's fresh fruitiness while tempering its high acidity and bringing out its characteristic red berry and pinewood aromas. This is the ideal glass from which to enjoy typically tart, dry ros\u00e9 wines. Year of design 2022 Volume 347.0 ccm Height 247.0 mm Box quantity 2 Type of Manufacturing machine-made","og_url":"https:\/\/argenteriadabbene.com\/en\/prodotto\/veloce-rose\/","og_site_name":"Argenteria Dabbene Milano - Liste Nozze - Regali - Bijoux","article_publisher":"https:\/\/www.facebook.com\/ArgenteriaDabbene","article_modified_time":"2023-10-06T12:38:25+00:00","og_image":[{"width":920,"height":745,"url":"https:\/\/argenteriadabbene.com\/wp-content\/uploads\/2023\/07\/rose-veloce.webp","type":"image\/webp"}],"schema":{"@context":"https:\/\/schema.org","@graph":[{"@type":"WebPage","@id":"https:\/\/argenteriadabbene.com\/en\/prodotto\/veloce-rose\/","url":"https:\/\/argenteriadabbene.com\/en\/prodotto\/veloce-rose\/","name":"Veloce Ros\u00e9 - Argenteria Dabbene Milano - Liste Nozze - Regali - Bijoux","isPartOf":{"@id":"https:\/\/argenteriadabbene.com\/en\/#website"},"primaryImageOfPage":{"@id":"https:\/\/argenteriadabbene.com\/en\/prodotto\/veloce-rose\/#primaryimage"},"image":{"@id":"https:\/\/argenteriadabbene.com\/en\/prodotto\/veloce-rose\/#primaryimage"},"thumbnailUrl":"https:\/\/argenteriadabbene.com\/wp-content\/uploads\/2023\/07\/rose-veloce.webp","datePublished":"2023-07-06T14:22:02+00:00","dateModified":"2023-10-06T12:38:25+00:00","breadcrumb":{"@id":"https:\/\/argenteriadabbene.com\/en\/prodotto\/veloce-rose\/#breadcrumb"},"inLanguage":"en-US","potentialAction":[{"@type":"ReadAction","target":["https:\/\/argenteriadabbene.com\/en\/prodotto\/veloce-rose\/"]}]},{"@type":"ImageObject","inLanguage":"en-US","@id":"https:\/\/argenteriadabbene.com\/en\/prodotto\/veloce-rose\/#primaryimage","url":"https:\/\/argenteriadabbene.com\/wp-content\/uploads\/2023\/07\/rose-veloce.webp","contentUrl":"https:\/\/argenteriadabbene.com\/wp-content\/uploads\/2023\/07\/rose-veloce.webp","width":920,"height":745},{"@type":"BreadcrumbList","@id":"https:\/\/argenteriadabbene.com\/en\/prodotto\/veloce-rose\/#breadcrumb","itemListElement":[{"@type":"ListItem","position":1,"name":"Home","item":"https:\/\/argenteriadabbene.com\/en\/"},{"@type":"ListItem","position":2,"name":"Shop","item":"https:\/\/argenteriadabbene.com\/en\/shop\/"},{"@type":"ListItem","position":3,"name":"Crystals \/ Murano Glass","item":"https:\/\/argenteriadabbene.com\/en\/prodotti\/crystals-murano-glass\/"},{"@type":"ListItem","position":4,"name":"Riedel","item":"https:\/\/argenteriadabbene.com\/en\/prodotti\/crystals-murano-glass\/riedel-en\/"},{"@type":"ListItem","position":5,"name":"Glasses","item":"https:\/\/argenteriadabbene.com\/en\/prodotti\/crystals-murano-glass\/riedel-en\/glasses-riedel\/"},{"@type":"ListItem","position":6,"name":"Veloce Ros\u00e9"}]},{"@type":"WebSite","@id":"https:\/\/argenteriadabbene.com\/en\/#website","url":"https:\/\/argenteriadabbene.com\/en\/","name":"Argenteria Dabbene Milano - Liste Nozze - Regali - Bijoux","description":"L&#039;Argenteria DABBENE, nel centro storico di Milano, in Largo Treves,2 unisce la tradizione delle vecchie botteghe milanesi alle innovazioni.","publisher":{"@id":"https:\/\/argenteriadabbene.com\/en\/#organization"},"potentialAction":[{"@type":"SearchAction","target":{"@type":"EntryPoint","urlTemplate":"https:\/\/argenteriadabbene.com\/en\/?s={search_term_string}"},"query-input":{"@type":"PropertyValueSpecification","valueRequired":true,"valueName":"search_term_string"}}],"inLanguage":"en-US"},{"@type":"Organization","@id":"https:\/\/argenteriadabbene.com\/en\/#organization","name":"Argenteria Dabbene Milano - Liste Nozze - Regali - Bijoux","url":"https:\/\/argenteriadabbene.com\/en\/","logo":{"@type":"ImageObject","inLanguage":"en-US","@id":"https:\/\/argenteriadabbene.com\/en\/#\/schema\/logo\/image\/","url":"https:\/\/argenteriadabbene.com\/wp-content\/uploads\/2023\/06\/logo_dabbene.jpg","contentUrl":"https:\/\/argenteriadabbene.com\/wp-content\/uploads\/2023\/06\/logo_dabbene.jpg","width":950,"height":600,"caption":"Argenteria Dabbene Milano - Liste Nozze - Regali - Bijoux"},"image":{"@id":"https:\/\/argenteriadabbene.com\/en\/#\/schema\/logo\/image\/"},"sameAs":["https:\/\/www.facebook.com\/ArgenteriaDabbene","https:\/\/www.instagram.com\/argenteriadabbene"]}]}},"_links":{"self":[{"href":"https:\/\/argenteriadabbene.com\/en\/wp-json\/wp\/v2\/product\/25565","targetHints":{"allow":["GET"]}}],"collection":[{"href":"https:\/\/argenteriadabbene.com\/en\/wp-json\/wp\/v2\/product"}],"about":[{"href":"https:\/\/argenteriadabbene.com\/en\/wp-json\/wp\/v2\/types\/product"}],"wp:featuredmedia":[{"embeddable":true,"href":"https:\/\/argenteriadabbene.com\/en\/wp-json\/wp\/v2\/media\/22024"}],"wp:attachment":[{"href":"https:\/\/argenteriadabbene.com\/en\/wp-json\/wp\/v2\/media?parent=25565"}],"wp:term":[{"taxonomy":"product_brand","embeddable":true,"href":"https:\/\/argenteriadabbene.com\/en\/wp-json\/wp\/v2\/product_brand?post=25565"},{"taxonomy":"product_cat","embeddable":true,"href":"https:\/\/argenteriadabbene.com\/en\/wp-json\/wp\/v2\/product_cat?post=25565"},{"taxonomy":"product_tag","embeddable":true,"href":"https:\/\/argenteriadabbene.com\/en\/wp-json\/wp\/v2\/product_tag?post=25565"},{"taxonomy":"giftcard-category","embeddable":true,"href":"https:\/\/argenteriadabbene.com\/en\/wp-json\/wp\/v2\/giftcard-category?post=25565"},{"taxonomy":"berocket_brand","embeddable":true,"href":"https:\/\/argenteriadabbene.com\/en\/wp-json\/wp\/v2\/berocket_brand?post=25565"}],"curies":[{"name":"wp","href":"https:\/\/api.w.org\/{rel}","templated":true}]}}