{"id":17979,"date":"2015-05-27T16:25:15","date_gmt":"2015-05-27T14:25:15","guid":{"rendered":"https:\/\/dabbenewp.b42.it\/it\/cookie-policy\/"},"modified":"2015-05-27T16:25:15","modified_gmt":"2015-05-27T14:25:15","slug":"cookie-policy","status":"publish","type":"page","link":"https:\/\/argenteriadabbene.com\/en\/cookie-policy\/","title":{"rendered":"Cookie Policy"},"content":{"rendered":"<h1>Informativa sul trattamento dei dati personali, ex art. 13, d.lgs. 196\/2003<\/h1>\n<h2>Informativa specifica sui cookie<\/h2>\n<p>Informativa e acquisizione del consenso per l\u2019uso dei cookie sul sito ai sensi del Provvedimento n. 229 dell\u20198 maggio 2014 del Garante per la protezione dei dati personali.<\/p>\n<p>Questo sito web utilizza cookie e tecnologie simili per garantire il corretto funzionamento delle procedure e migliorare l&#8217;esperienza di uso nel corso della navigazione. Il presente documento fornisce informazioni dettagliate sull&#8217;uso dei cookie e di tecnologie similari, su come sono utilizzati da www.argenteriadabbene.com e su come gestirli.<\/p>\n<h2>Definizioni<\/h2>\n<p>I cookie sono brevi frammenti di testo (lettere e\/o numeri) che permettono al server web di memorizzare sul client (il browser) informazioni da riutilizzare nel corso della medesima visita al sito (cookie di sessione) o in seguito, anche a distanza di giorni (cookie persistenti). I cookie vengono memorizzati, in base alle preferenze dell&#8217;utente, dal singolo browser sullo specifico dispositivo utilizzato (computer, tablet, smartphone).<\/p>\n<p>Tecnologie similari, come, ad esempio, web beacon, GIF trasparenti e tutte le forme di storage locale introdotte con HTML5, sono utilizzabili per raccogliere informazioni sul comportamento dell&#8217;utente e sull&#8217;utilizzo dei servizi.<\/p>\n<p>Nel seguito di questo documento faremo riferimento ai cookie e a tutte le tecnologie similari utilizzando semplicemente il termine \u201ccookie\u201d.<\/p>\n<p>Questo sito web pu\u00f2 utilizzare cookie:<\/p>\n<ul>\n<li><strong>&#8220;Di sessione&#8221;<\/strong>: che vengono memorizzati sul computer dell&#8217;utente per mere esigenze tecnico-funzionali, per la trasmissione di identificativi di sessione necessari per consentire l&#8217;esplorazione sicura ed efficiente del sito; essi si cancellano al termine della &#8220;sessione&#8221; (da cui il nome) con la chiusura del browser.<\/li>\n<li><strong>&#8220;Persistenti&#8221;<\/strong>: che rimangono memorizzati sul disco rigido del computer fino alla loro scadenza o cancellazione da parte degli utenti\/visitatori. Tramite i cookie persistenti i visitatori che accedono al sito (o eventuali altri utenti che impiegano il medesimo computer) vengono automaticamente riconosciuti a ogni visita.<\/li>\n<\/ul>\n<p>A loro volta questi possono essere suddivisi a seconda della loro finalit\u00e0. Qui di seguito sono riportati i tipi cookie che possono essere utilizzati nel Sito con una descrizione della finalit\u00e0 legata all&#8217;uso.<\/p>\n<ul>\n<li><strong>Cookie tecnici<\/strong>: i cookie di questo tipo sono necessari per il corretto funzionamento di alcune aree del sito. I cookie di questa categoria comprendono sia cookie persistenti che cookie di sessione. In assenza di tali cookie, il sito o alcune porzioni di esso potrebbero non funzionare correttamente. Pertanto, vengono sempre utilizzati, indipendentemente dalle preferenze dall&#8217;utente. I cookie di questa categoria vengono sempre inviati dal nostro dominio.<\/li>\n<li><strong>Cookie analitici<\/strong>: i cookie di questo tipo vengono utilizzati per raccogliere informazioni sull&#8217;utilizzo del sito Web da parte dei visitatori, le parole chiave usate per raggiungere il sito, i siti Web visitati e le origini del traffico da cui provengono i visitatori per le campagne di marketing. Il titolare pu\u00f2 utilizzare tali informazioni per compilare rapporti e migliorare il Sito. I cookie raccolgono informazioni in forma anonima. I cookie di questo tipo vengono inviati dal Sito stesso o da domini di terze parti.<\/li>\n<li><strong>Cookie per l&#8217;integrazione di funzionalit\u00e0 di terze parti<\/strong>: i cookie di questo tipo vengono utilizzati per integrare funzionalit\u00e0 di terze parti nel Sito (ad esempio, moduli per i commenti o icone di social network che consentono ai visitatori di condividere il contenuto del sito). I cookie di questa categoria possono essere inviati dai domini dei siti partner o che comunque offrono le funzionalit\u00e0 presenti nel sito.<\/li>\n<li><strong>Cookie di profilazione<\/strong>: sono volti a creare profili relativi all&#8217;utente e vengono utilizzati al fine di inviare messaggi pubblicitari in linea con le preferenze manifestate dallo stesso nell&#8217;ambito della navigazione in rete. <strong>Questo sito NON fa uso di tali tipi di cookie.<\/strong><\/li>\n<\/ul>\n<h2>Modalit\u00e0 di conferimento del consenso<\/h2>\n<p>Il conferimento del consenso si intende esplicito nel caso in cui l&#8217;utente prosegua nella navigazione (ad es., accedendo ad un&#8217;altra area del sito, scroll della pagina o selezionando un&#8217;immagine o un link). Tale consenso verr\u00e0 registrato in un apposito cookie tecnico sul browser dell&#8217;utente e sar\u00e0 pertanto revocabile secondo le procedure specificate in seguito.<\/p>\n<h2>Cookie di terze parti<\/h2>\n<p>Visitando un sito web si possono ricevere cookie sia dal sito visitato (\u201cproprietari\u201d), sia da siti gestiti da altre organizzazioni (\u201cterze parti\u201d). Un esempio sul nostro sito \u00e8 rappresentato dalla presenza dei \u201csocial plugin\u201d per Facebook, Twitter, Google+ e LinkedIn. Si tratta di parti della pagina visitata generate direttamente dai suddetti siti ed integrati nella pagina del sito ospitante. L&#8217;utilizzo pi\u00f9 comune dei social plugin \u00e8 finalizzato alla condivisione dei contenuti sui social network.<\/p>\n<p>La presenza di questi plugin comporta la trasmissione di cookie da e verso tutti i siti gestiti da terze parti. La gestione delle informazioni raccolte da \u201cterze parti\u201d \u00e8 disciplinata dalle relative informative cui si prega di fare riferimento. Per garantire una maggiore trasparenza e comodit\u00e0, si riportano qui di seguito gli indirizzi web delle diverse informative e delle modalit\u00e0 per la gestione dei cookie.<\/p>\n<ul>\n<li>Facebook informativa: <a href=\"https:\/\/www.facebook.com\/help\/cookies\/\" target=\"_blank\" rel=\"noopener noreferrer\">https:\/\/www.facebook.com\/help\/cookies\/<\/a><\/li>\n<li>Facebook (configurazione): accedere al proprio account. Sezione privacy.<\/li>\n<li>Twitter informative: <a href=\"https:\/\/support.twitter.com\/articles\/20170514\" target=\"_blank\" rel=\"noopener noreferrer\">https:\/\/support.twitter.com\/articles\/20170514<\/a><\/li>\n<li>Twitter (configurazione): <a href=\"https:\/\/twitter.com\/settings\/security\" target=\"_blank\" rel=\"noopener noreferrer\">https:\/\/twitter.com\/settings\/security<\/a><\/li>\n<li>Linkedin informativa: <a href=\"https:\/\/www.linkedin.com\/legal\/cookie-policy\" target=\"_blank\" rel=\"noopener noreferrer\">https:\/\/www.linkedin.com\/legal\/cookie-policy<\/a><\/li>\n<li>Linkedin (configurazione): <a href=\"https:\/\/www.linkedin.com\/settings\/\" target=\"_blank\" rel=\"noopener noreferrer\">https:\/\/www.linkedin.com\/settings\/<\/a><\/li>\n<li>Google+ informativa: <a href=\"http:\/\/www.google.it\/intl\/it\/policies\/technologies\/cookies\/\" target=\"_blank\" rel=\"noopener noreferrer\">http:\/\/www.google.it\/intl\/it\/policies\/technologies\/cookies\/<\/a><\/li>\n<li>Google+ (configurazione): <a href=\"http:\/\/www.google.it\/intl\/it\/policies\/technologies\/managing\/\" target=\"_blank\" rel=\"noopener noreferrer\">http:\/\/www.google.it\/intl\/it\/policies\/technologies\/managing\/<\/a><\/li>\n<li>Google Analytics informativa: <a href=\"http:\/\/www.google.it\/analytics\/learn\/privacy.html\" target=\"_blank\" rel=\"noopener noreferrer\">http:\/\/www.google.it\/analytics\/learn\/privacy.html<\/a><\/li>\n<li>Google Analytics (configurazione): <a href=\"http:\/\/www.google.it\/analytics\/learn\/privacy.html\" target=\"_blank\" rel=\"noopener noreferrer\">http:\/\/www.google.it\/analytics\/learn\/privacy.html<\/a><\/li>\n<\/ul>\n<h2>Google Analytics<\/h2>\n<p>Questo sito include anche talune componenti trasmesse da Google Analytics, un servizio di analisi del traffico web fornito da Google, Inc. (\u201cGoogle\u201d). Anche in questo caso si tratta di cookie di terze parti raccolti e gestiti in modo anonimo per monitorare e migliorare le prestazioni del sito ospite (performance cookie).<\/p>\n<p>Google Analytics utilizza i &#8220;cookie&#8221; per raccogliere e analizzare in forma anonima le informazioni sui comportamenti di utilizzo del sito (compreso l&#8217;indirizzo IP dell&#8217;utente). Tali informazioni vengono raccolte da Google Analytics, che le elabora allo scopo di redigere report per gli operatori di www.argenteriadabbene.com riguardanti le attivit\u00e0 sui siti web stessi. Questo sito non utilizza (e non consente a terzi di utilizzare) lo strumento di analisi di Google per monitorare o per raccogliere informazioni personali di identificazione. Google non associa l&#8217;indirizzo IP a nessun altro dato posseduto da Google n\u00e9 cerca di collegare un indirizzo IP con l&#8217;identit\u00e0 di un utente. Google pu\u00f2 anche comunicare queste informazioni a terzi ove ci\u00f2 sia imposto dalla legge o laddove tali terzi trattino le suddette informazioni per conto di Google.<\/p>\n<p>Per ulteriori informazioni, si rinvia al link di seguito indicato: <a href=\"https:\/\/www.google.it\/policies\/privacy\/partners\/\" target=\"_blank\" rel=\"noopener noreferrer\">https:\/\/www.google.it\/policies\/privacy\/partners\/<\/a><\/p>\n<p>L&#8217;utente pu\u00f2 disabilitare in modo selettivo l&#8217;azione di Google Analytics installando sul proprio browser la componente di opt-out fornito da Google. Per disabilitare l&#8217;azione di Google Analytics, si rinvia al link di seguito indicato: <a href=\"https:\/\/tools.google.com\/dlpage\/gaoptout\" target=\"_blank\" rel=\"noopener noreferrer\">https:\/\/tools.google.com\/dlpage\/gaoptout<\/a><\/p>\n<h2>Piwik<\/h2>\n<p>Questo sito utilizza inoltre componenti trasmesse da un servizio web di monitoraggio del traffico, gestito direttamente da www.argenteriadabbene.com, basato sull\u2019utilizzo del software open source <a href=\"http:\/\/piwik.org\/\" target=\"_blank\" rel=\"noopener noreferrer\">Piwik<\/a>, con finalit\u00e0 di analisi del traffico.<\/p>\n<p>Anche in questo caso si tratta di cookie raccolti e gestiti in modo anonimo per monitorare e migliorare le prestazioni del sito ospite (performance cookie). Tali informazioni vengono raccolte ed elaborarate esclusivamente da www.argenteriadabbene.com.<\/p>\n<h2>Durata dei cookie<\/h2>\n<p>Alcuni cookie (cookie di sessione) restano attivi solo fino alla chiusura del browser o all&#8217;esecuzione del comando di logout. Altri cookie \u201csopravvivono\u201d alla chiusura del browser e sono disponibili anche in successive visite dell&#8217;utente.<\/p>\n<p>Questi cookie sono detti persistenti e la loro durata \u00e8 fissata dal server al momento della loro creazione. Una durata \u00e8 sempre specificata, anche se pu\u00f2 essere in un futuro molto distante, rendendo i cookie &#8220;infiniti&#8221; nella pratica.<\/p>\n<p>Questo sito non fa uso di cookie persistenti. Tuttavia, navigando sulle pagine di questo sito, si pu\u00f2 interagire con siti gestiti da terze parti che possono creare o modificare cookie permanenti e di profilazione.<\/p>\n<h2>Gestione dei cookie<\/h2>\n<p>L&#8217;utente pu\u00f2 decidere se accettare o meno i cookie utilizzando le impostazioni del proprio browser.<\/p>\n<p><strong>Attenzione<\/strong>: la disabilitazione totale o parziale dei cookie tecnici o di terze parti pu\u00f2 compromettere l&#8217;utilizzo di alcune funzionalit\u00e0 del sito.<\/p>\n<p>I migliori browser consentono di definire impostazioni diverse per i cookie \u201cproprietari\u201d e per quelli di \u201cterze parti\u201d.<\/p>\n<p>Di seguito le risorse web che illustrano come procedere per ciascun dei principali browser:<\/p>\n<ul>\n<li>Chrome: <a href=\"https:\/\/support.google.com\/chrome\/answer\/95647?hl=it\" target=\"_blank\" rel=\"noopener noreferrer\">https:\/\/support.google.com\/chrome\/answer\/95647?hl=it<\/a><\/li>\n<li>Firefox: <a href=\"https:\/\/support.mozilla.org\/it\/kb\/Gestione%20dei%20cookie\" target=\"_blank\" rel=\"noopener noreferrer\">https:\/\/support.mozilla.org\/it\/kb\/Gestione%20dei%20cookie<\/a><\/li>\n<li>Internet Explorer: <a href=\"http:\/\/windows.microsoft.com\/it-it\/windows7\/how-to-manage-cookies-in-internet-explorer-9\" target=\"_blank\" rel=\"noopener noreferrer\">http:\/\/windows.microsoft.com\/it-it\/windows7\/how-to-manage-cookies-in-internet-explorer-9<\/a><\/li>\n<li>Opera: <a href=\"http:\/\/help.opera.com\/Windows\/10.00\/it\/cookies.html\" target=\"_blank\" rel=\"noopener noreferrer\">http:\/\/help.opera.com\/Windows\/10.00\/it\/cookies.html<\/a><\/li>\n<li>Safari: <a href=\"http:\/\/support.apple.com\/kb\/HT1677?viewlocale=it_IT\" target=\"_blank\" rel=\"noopener noreferrer\">http:\/\/support.apple.com\/kb\/HT1677?viewlocale=it_IT<\/a><\/li>\n<\/ul>\n<p>Un utile strumento per verificare quali cookie sono installati sul proprio computer (e bloccarli, revocando il consenso prestato) \u00e8 reperibile al seguente indirizzo: <a href=\"http:\/\/www.youronlinechoices.com\/it\/le-tue-scelte\" target=\"_blank\" rel=\"noopener noreferrer\">http:\/\/www.youronlinechoices.com\/it\/le-tue-scelte<\/a>.<\/p>\n","protected":false},"excerpt":{"rendered":"<p>Informativa sul trattamento dei dati personali, ex art. 13, d.lgs. 196\/2003 Informativa specifica sui cookie Informativa e acquisizione del consenso per l\u2019uso dei cookie sul sito ai sensi del Provvedimento n. 229 dell\u20198 maggio 2014 del Garante per la protezione dei dati personali. Questo sito web utilizza cookie e tecnologie simili per garantire il corretto [&hellip;]<\/p>\n","protected":false},"author":101019,"featured_media":0,"parent":0,"menu_order":0,"comment_status":"closed","ping_status":"closed","template":"","meta":{"_acf_changed":false,"footnotes":""},"class_list":["post-17979","page","type-page","status-publish","hentry"],"acf":[],"yoast_head":"<!-- This site is optimized with the Yoast SEO plugin v27.4 - https:\/\/yoast.com\/product\/yoast-seo-wordpress\/ -->\n<title>Cookie Policy - Argenteria Dabbene Milano - Liste Nozze - Regali - Bijoux<\/title>\n<meta name=\"robots\" content=\"index, follow, max-snippet:-1, max-image-preview:large, max-video-preview:-1\" \/>\n<link rel=\"canonical\" href=\"https:\/\/argenteriadabbene.com\/en\/cookie-policy\/\" \/>\n<meta property=\"og:locale\" content=\"en_US\" \/>\n<meta property=\"og:type\" content=\"article\" \/>\n<meta property=\"og:title\" content=\"Cookie Policy - Argenteria Dabbene Milano - Liste Nozze - Regali - Bijoux\" \/>\n<meta property=\"og:description\" content=\"Informativa sul trattamento dei dati personali, ex art. 13, d.lgs. 196\/2003 Informativa specifica sui cookie Informativa e acquisizione del consenso per l\u2019uso dei cookie sul sito ai sensi del Provvedimento n. 229 dell\u20198 maggio 2014 del Garante per la protezione dei dati personali. Questo sito web utilizza cookie e tecnologie simili per garantire il corretto [&hellip;]\" \/>\n<meta property=\"og:url\" content=\"https:\/\/argenteriadabbene.com\/en\/cookie-policy\/\" \/>\n<meta property=\"og:site_name\" content=\"Argenteria Dabbene Milano - Liste Nozze - Regali - Bijoux\" \/>\n<meta property=\"article:publisher\" content=\"https:\/\/www.facebook.com\/ArgenteriaDabbene\" \/>\n<meta name=\"twitter:label1\" content=\"Est. reading time\" \/>\n\t<meta name=\"twitter:data1\" content=\"7 minutes\" \/>\n<script type=\"application\/ld+json\" class=\"yoast-schema-graph\">{\"@context\":\"https:\\\/\\\/schema.org\",\"@graph\":[{\"@type\":\"WebPage\",\"@id\":\"https:\\\/\\\/argenteriadabbene.com\\\/en\\\/cookie-policy\\\/\",\"url\":\"https:\\\/\\\/argenteriadabbene.com\\\/en\\\/cookie-policy\\\/\",\"name\":\"Cookie Policy - Argenteria Dabbene Milano - Liste Nozze - Regali - Bijoux\",\"isPartOf\":{\"@id\":\"https:\\\/\\\/argenteriadabbene.com\\\/en\\\/#website\"},\"datePublished\":\"2015-05-27T14:25:15+00:00\",\"breadcrumb\":{\"@id\":\"https:\\\/\\\/argenteriadabbene.com\\\/en\\\/cookie-policy\\\/#breadcrumb\"},\"inLanguage\":\"en-US\",\"potentialAction\":[{\"@type\":\"ReadAction\",\"target\":[\"https:\\\/\\\/argenteriadabbene.com\\\/en\\\/cookie-policy\\\/\"]}]},{\"@type\":\"BreadcrumbList\",\"@id\":\"https:\\\/\\\/argenteriadabbene.com\\\/en\\\/cookie-policy\\\/#breadcrumb\",\"itemListElement\":[{\"@type\":\"ListItem\",\"position\":1,\"name\":\"Home\",\"item\":\"https:\\\/\\\/argenteriadabbene.com\\\/en\\\/\"},{\"@type\":\"ListItem\",\"position\":2,\"name\":\"Cookie Policy\"}]},{\"@type\":\"WebSite\",\"@id\":\"https:\\\/\\\/argenteriadabbene.com\\\/en\\\/#website\",\"url\":\"https:\\\/\\\/argenteriadabbene.com\\\/en\\\/\",\"name\":\"Argenteria Dabbene Milano - Liste Nozze - Regali - Bijoux\",\"description\":\"L&#039;Argenteria DABBENE, nel centro storico di Milano, in Largo Treves,2 unisce la tradizione delle vecchie botteghe milanesi alle innovazioni.\",\"publisher\":{\"@id\":\"https:\\\/\\\/argenteriadabbene.com\\\/en\\\/#organization\"},\"potentialAction\":[{\"@type\":\"SearchAction\",\"target\":{\"@type\":\"EntryPoint\",\"urlTemplate\":\"https:\\\/\\\/argenteriadabbene.com\\\/en\\\/?s={search_term_string}\"},\"query-input\":{\"@type\":\"PropertyValueSpecification\",\"valueRequired\":true,\"valueName\":\"search_term_string\"}}],\"inLanguage\":\"en-US\"},{\"@type\":\"Organization\",\"@id\":\"https:\\\/\\\/argenteriadabbene.com\\\/en\\\/#organization\",\"name\":\"Argenteria Dabbene Milano - Liste Nozze - Regali - Bijoux\",\"url\":\"https:\\\/\\\/argenteriadabbene.com\\\/en\\\/\",\"logo\":{\"@type\":\"ImageObject\",\"inLanguage\":\"en-US\",\"@id\":\"https:\\\/\\\/argenteriadabbene.com\\\/en\\\/#\\\/schema\\\/logo\\\/image\\\/\",\"url\":\"https:\\\/\\\/argenteriadabbene.com\\\/wp-content\\\/uploads\\\/2023\\\/06\\\/logo_dabbene.jpg\",\"contentUrl\":\"https:\\\/\\\/argenteriadabbene.com\\\/wp-content\\\/uploads\\\/2023\\\/06\\\/logo_dabbene.jpg\",\"width\":950,\"height\":600,\"caption\":\"Argenteria Dabbene Milano - Liste Nozze - Regali - Bijoux\"},\"image\":{\"@id\":\"https:\\\/\\\/argenteriadabbene.com\\\/en\\\/#\\\/schema\\\/logo\\\/image\\\/\"},\"sameAs\":[\"https:\\\/\\\/www.facebook.com\\\/ArgenteriaDabbene\",\"https:\\\/\\\/www.instagram.com\\\/argenteriadabbene\"]}]}<\/script>\n<!-- \/ Yoast SEO plugin. -->","yoast_head_json":{"title":"Cookie Policy - Argenteria Dabbene Milano - Liste Nozze - Regali - Bijoux","robots":{"index":"index","follow":"follow","max-snippet":"max-snippet:-1","max-image-preview":"max-image-preview:large","max-video-preview":"max-video-preview:-1"},"canonical":"https:\/\/argenteriadabbene.com\/en\/cookie-policy\/","og_locale":"en_US","og_type":"article","og_title":"Cookie Policy - Argenteria Dabbene Milano - Liste Nozze - Regali - Bijoux","og_description":"Informativa sul trattamento dei dati personali, ex art. 13, d.lgs. 196\/2003 Informativa specifica sui cookie Informativa e acquisizione del consenso per l\u2019uso dei cookie sul sito ai sensi del Provvedimento n. 229 dell\u20198 maggio 2014 del Garante per la protezione dei dati personali. Questo sito web utilizza cookie e tecnologie simili per garantire il corretto [&hellip;]","og_url":"https:\/\/argenteriadabbene.com\/en\/cookie-policy\/","og_site_name":"Argenteria Dabbene Milano - Liste Nozze - Regali - Bijoux","article_publisher":"https:\/\/www.facebook.com\/ArgenteriaDabbene","twitter_misc":{"Est. reading time":"7 minutes"},"schema":{"@context":"https:\/\/schema.org","@graph":[{"@type":"WebPage","@id":"https:\/\/argenteriadabbene.com\/en\/cookie-policy\/","url":"https:\/\/argenteriadabbene.com\/en\/cookie-policy\/","name":"Cookie Policy - Argenteria Dabbene Milano - Liste Nozze - Regali - Bijoux","isPartOf":{"@id":"https:\/\/argenteriadabbene.com\/en\/#website"},"datePublished":"2015-05-27T14:25:15+00:00","breadcrumb":{"@id":"https:\/\/argenteriadabbene.com\/en\/cookie-policy\/#breadcrumb"},"inLanguage":"en-US","potentialAction":[{"@type":"ReadAction","target":["https:\/\/argenteriadabbene.com\/en\/cookie-policy\/"]}]},{"@type":"BreadcrumbList","@id":"https:\/\/argenteriadabbene.com\/en\/cookie-policy\/#breadcrumb","itemListElement":[{"@type":"ListItem","position":1,"name":"Home","item":"https:\/\/argenteriadabbene.com\/en\/"},{"@type":"ListItem","position":2,"name":"Cookie Policy"}]},{"@type":"WebSite","@id":"https:\/\/argenteriadabbene.com\/en\/#website","url":"https:\/\/argenteriadabbene.com\/en\/","name":"Argenteria Dabbene Milano - Liste Nozze - Regali - Bijoux","description":"L&#039;Argenteria DABBENE, nel centro storico di Milano, in Largo Treves,2 unisce la tradizione delle vecchie botteghe milanesi alle innovazioni.","publisher":{"@id":"https:\/\/argenteriadabbene.com\/en\/#organization"},"potentialAction":[{"@type":"SearchAction","target":{"@type":"EntryPoint","urlTemplate":"https:\/\/argenteriadabbene.com\/en\/?s={search_term_string}"},"query-input":{"@type":"PropertyValueSpecification","valueRequired":true,"valueName":"search_term_string"}}],"inLanguage":"en-US"},{"@type":"Organization","@id":"https:\/\/argenteriadabbene.com\/en\/#organization","name":"Argenteria Dabbene Milano - Liste Nozze - Regali - Bijoux","url":"https:\/\/argenteriadabbene.com\/en\/","logo":{"@type":"ImageObject","inLanguage":"en-US","@id":"https:\/\/argenteriadabbene.com\/en\/#\/schema\/logo\/image\/","url":"https:\/\/argenteriadabbene.com\/wp-content\/uploads\/2023\/06\/logo_dabbene.jpg","contentUrl":"https:\/\/argenteriadabbene.com\/wp-content\/uploads\/2023\/06\/logo_dabbene.jpg","width":950,"height":600,"caption":"Argenteria Dabbene Milano - Liste Nozze - Regali - Bijoux"},"image":{"@id":"https:\/\/argenteriadabbene.com\/en\/#\/schema\/logo\/image\/"},"sameAs":["https:\/\/www.facebook.com\/ArgenteriaDabbene","https:\/\/www.instagram.com\/argenteriadabbene"]}]}},"_links":{"self":[{"href":"https:\/\/argenteriadabbene.com\/en\/wp-json\/wp\/v2\/pages\/17979","targetHints":{"allow":["GET"]}}],"collection":[{"href":"https:\/\/argenteriadabbene.com\/en\/wp-json\/wp\/v2\/pages"}],"about":[{"href":"https:\/\/argenteriadabbene.com\/en\/wp-json\/wp\/v2\/types\/page"}],"author":[{"embeddable":true,"href":"https:\/\/argenteriadabbene.com\/en\/wp-json\/wp\/v2\/users\/101019"}],"replies":[{"embeddable":true,"href":"https:\/\/argenteriadabbene.com\/en\/wp-json\/wp\/v2\/comments?post=17979"}],"version-history":[{"count":0,"href":"https:\/\/argenteriadabbene.com\/en\/wp-json\/wp\/v2\/pages\/17979\/revisions"}],"wp:attachment":[{"href":"https:\/\/argenteriadabbene.com\/en\/wp-json\/wp\/v2\/media?parent=17979"}],"curies":[{"name":"wp","href":"https:\/\/api.w.org\/{rel}","templated":true}]}}